{"id":3475,"date":"2026-01-28T23:21:26","date_gmt":"2026-01-28T23:21:26","guid":{"rendered":"https:\/\/suprmind.ai\/hub\/cas-dusage\/due-diligence\/"},"modified":"2026-01-28T23:21:26","modified_gmt":"2026-01-28T23:21:26","slug":"due-diligence","status":"publish","type":"page","link":"https:\/\/suprmind.ai\/hub\/fr\/cas-dusage\/due-diligence\/","title":{"rendered":"Due Diligence"},"content":{"rendered":"<div style=\"padding-top: 60px;\">\n<p>    <!-- HERO --><\/p>\n<section class=\"hero\">\n<div class=\"hero-content\">\n<div class=\"hero-label\">Cas d&rsquo;usage<\/div>\n<h1>Recherche &amp; Due Diligence avec v\u00e9rification crois\u00e9e par IA<\/h1>\n<p class=\"hero-subtitle\" style=\"padding-top: 30px;\">\n Menez vos recherches \u00e0 travers 5 mod\u00e8les d\u2019IA de pointe. Chacun valide les conclusions des autres. Obtenez une analyse sourc\u00e9e et v\u00e9rifi\u00e9e de mani\u00e8re crois\u00e9e en quelques minutes plut\u00f4t qu\u2019en quelques jours.\n            <\/p>\n<div class=\"hero-cta-group\" style=\"margin-top: 40px;\">\n                <a href=\"https:\/\/suprmind.ai\/\" class=\"btn-primary\">D\u00e9marrer une session de recherche<\/a><br \/>\n                <a href=\"https:\/\/suprmind.ai\/hub\/features\/\" class=\"btn-secondary\">Voir toutes les Fonctionnalit\u00e9s<\/a>\n            <\/div>\n<\/p><\/div>\n<\/section>\n<h2 style=\"text-align:center; max-width:700px; margin:0 auto 24px; font-size:2rem; line-height:1.3;\">D\u00e9couvrez comment cinq mod\u00e8les d\u2019IA v\u00e9rifient de mani\u00e8re crois\u00e9e les r\u00e9sultats de recherche avant que vous n\u2019agissiez<\/h2>\n<div id=\"suprmind-demo\" style=\"width:100%; overflow:hidden;\"><\/div>\n<p>    <!-- THE PROBLEM --><\/p>\n<section style=\"padding: 100px 48px;\">\n<div style=\"max-width: 900px; margin: 0 auto;\">\n<div class=\"section-label\">Le probl\u00e8me<\/div>\n<h2>La recherche avec une seule IA a un probl\u00e8me de cr\u00e9dibilit\u00e9<\/h2>\n<p style=\"font-size: 18px; line-height: 1.8; color: #9ca3af; margin-top: 32px;\">\n Un mod\u00e8le, une perspective, un ensemble potentiel d\u2019hallucinations. Vous obtenez des r\u00e9ponses au ton assur\u00e9, sans moyen de v\u00e9rifier leur exactitude. Pour la Due Diligence \u2014 o\u00f9 un oubli peut co\u00fbter des millions \u2014 l\u2019espoir n\u2019est pas une strat\u00e9gie.\n            <\/p>\n<\/p><\/div>\n<\/section>\n<p>    <!-- WHAT SUPRMIND DOES --><\/p>\n<section style=\"padding: 100px 48px; border: 2px solid var(--border-subtle); border-radius: 12px;\">\n<div style=\"max-width: 1200px; margin: 0 auto; text-align: center;\">\n<div class=\"section-label\">Ce que fait Suprmind<\/div>\n<h2>Research Symphony : un pipeline en 4 \u00e9tapes<\/h2>\n<p style=\"font-size: 18px; color: #9ca3af; margin-bottom: 60px;\">\n Chaque IA voit ce qui a \u00e9t\u00e9 fait auparavant. Le validateur cherche sp\u00e9cifiquement \u00e0 contredire l\u2019analyseur. Les d\u00e9saccords apparaissent comme une incertitude document\u00e9e plut\u00f4t que comme un risque cach\u00e9.\n            <\/p>\n<div style=\"display: flex; flex-wrap: wrap; gap: 24px; text-align: left;\">\n<div style=\"flex: 0 0 calc(25% - 18px); min-width: 240px; padding: 32px; border: 2px solid var(--border-subtle); border-radius: 12px; box-sizing: border-box;\">\n<div style=\"font-size: 48px; font-weight: 300; color: #9ca3af; margin-bottom: 16px;\">1<\/div>\n<h4 style=\"font-size: 18px; font-weight: 600; margin: 0 0 8px 0;\">Collecte<\/h4>\n<p style=\"font-size: 14px; color: #9ca3af; margin: 0 0 16px 0;\">Perplexity<\/p>\n<p style=\"font-size: 15px; line-height: 1.6; margin: 0;\">\n Rassemble des sources actuelles, des donn\u00e9es en temps r\u00e9el et des citations provenant de l\u2019ensemble du web.\n                    <\/p>\n<\/p><\/div>\n<div style=\"flex: 0 0 calc(25% - 18px); min-width: 240px; padding: 32px; border: 2px solid var(--border-subtle); border-radius: 12px; box-sizing: border-box;\">\n<div style=\"font-size: 48px; font-weight: 300; color: #9ca3af; margin-bottom: 16px;\">2<\/div>\n<h4 style=\"font-size: 18px; font-weight: 600; margin: 0 0 8px 0;\">Analyse<\/h4>\n<p style=\"font-size: 14px; color: #9ca3af; margin: 0 0 16px 0;\">GPT-5.2<\/p>\n<p style=\"font-size: 15px; line-height: 1.6; margin: 0;\">\n Identifie des tendances, extrait des insights et construit une premi\u00e8re synth\u00e8se \u00e0 partir des donn\u00e9es collect\u00e9es.\n                    <\/p>\n<\/p><\/div>\n<div style=\"flex: 0 0 calc(25% - 18px); min-width: 240px; padding: 32px; border: 2px solid var(--border-subtle); border-radius: 12px; box-sizing: border-box;\">\n<div style=\"font-size: 48px; font-weight: 300; color: #9ca3af; margin-bottom: 16px;\">3<\/div>\n<h4 style=\"font-size: 18px; font-weight: 600; margin: 0 0 8px 0;\">Validation<\/h4>\n<p style=\"font-size: 14px; color: #9ca3af; margin: 0 0 16px 0;\">Claude Opus 4.5<\/p>\n<p style=\"font-size: 15px; line-height: 1.6; margin: 0;\">\n Remet en question les affirmations, signale les preuves faibles et d\u00e9tecte les failles logiques dans l\u2019analyse.\n                    <\/p>\n<\/p><\/div>\n<div style=\"flex: 0 0 calc(25% - 18px); min-width: 240px; padding: 32px; border: 2px solid var(--border-subtle); border-radius: 12px; box-sizing: border-box;\">\n<div style=\"font-size: 48px; font-weight: 300; color: #9ca3af; margin-bottom: 16px;\">4<\/div>\n<h4 style=\"font-size: 18px; font-weight: 600; margin: 0 0 8px 0;\">Synth\u00e8se<\/h4>\n<p style=\"font-size: 14px; color: #9ca3af; margin: 0 0 16px 0;\">Gemini 3 Pro<\/p>\n<p style=\"font-size: 15px; line-height: 1.6; margin: 0;\">\n Produit le livrable final avec des conclusions pond\u00e9r\u00e9es par niveau de confiance et des recommandations claires.\n                    <\/p>\n<\/p><\/div>\n<\/p><\/div>\n<\/p><\/div>\n<\/section>\n<p>    <!-- SPECIFIC EXAMPLE --><\/p>\n<section style=\"padding: 100px 48px;\">\n<div style=\"max-width: 1000px; margin: 0 auto;\">\n<div class=\"section-label\">Exemple<\/div>\n<h2>Fonds de private equity \u00e9valuant une cible d\u2019acquisition SaaS<\/h2>\n<p style=\"font-size: 18px; color: #9ca3af; margin-bottom: 48px;\">\n Requ\u00eate : \u00ab Analysez la position concurrentielle de [Company], les indicateurs de churn et les vents contraires du march\u00e9 \u00bb\n            <\/p>\n<div style=\"display: flex; flex-direction: column; gap: 24px;\">\n<div style=\"padding: 32px; border: 2px solid var(--border-subtle); border-radius: 12px;\">\n<h4 style=\"font-size: 16px; font-weight: 600; margin: 0 0 12px 0;\">Perplexity (Collecte)<\/h4>\n<p style=\"font-size: 15px; color: #9ca3af; margin: 0;\">\n Extrait des avis G2, des tendances d\u2019effectifs sur LinkedIn, des d\u00e9p\u00f4ts aupr\u00e8s de la SEC et une couverture presse r\u00e9cente. Toutes les sources sont cit\u00e9es et li\u00e9es.\n                    <\/p>\n<\/p><\/div>\n<div style=\"padding: 32px; border: 2px solid var(--border-subtle); border-radius: 12px;\">\n<h4 style=\"font-size: 16px; font-weight: 600; margin: 0 0 12px 0;\">GPT-5.2 (Analyse)<\/h4>\n<p style=\"font-size: 15px; color: #9ca3af; margin: 0;\">\n Identifie une tendance : 3 ing\u00e9nieurs seniors sont partis en 6 mois, les releases produit ont ralenti, les mentions de concurrents diminuent sur les sites d\u2019avis.\n                    <\/p>\n<\/p><\/div>\n<div style=\"padding: 32px; border: 2px solid var(--border-subtle); border-radius: 12px;\">\n<h4 style=\"font-size: 16px; font-weight: 600; margin: 0 0 12px 0;\">Claude (Validation)<\/h4>\n<p style=\"font-size: 15px; color: #9ca3af; margin: 0;\">\n \u00ab Les indicateurs de churn issus de la taille d\u2019\u00e9chantillon G2 (47 avis) peuvent ne pas \u00eatre statistiquement significatifs. Toutefois, le sch\u00e9ma de d\u00e9parts c\u00f4t\u00e9 ing\u00e9nierie est corrobor\u00e9 par les donn\u00e9es LinkedIn. \u00bb\n                    <\/p>\n<\/p><\/div>\n<div style=\"padding: 32px; border: 2px solid var(--border-subtle); border-radius: 12px;\">\n<h4 style=\"font-size: 16px; font-weight: 600; margin: 0 0 12px 0;\">Gemini (Synth\u00e8se)<\/h4>\n<p style=\"font-size: 15px; color: #9ca3af; margin: 0;\">\n Matrice de risques avec niveaux de confiance. Questions de diligence recommand\u00e9es. S\u00e9paration claire entre les \u00e9l\u00e9ments v\u00e9rifi\u00e9s et les points n\u00e9cessitant une investigation compl\u00e9mentaire.\n                    <\/p>\n<\/p><\/div>\n<\/p><\/div>\n<div style=\"margin-top: 48px; padding: 32px; border: 2px solid var(--border-subtle); border-radius: 12px;\">\n<h4 style=\"font-size: 18px; font-weight: 600; margin: 0 0 16px 0;\">R\u00e9sultat<\/h4>\n<p style=\"font-size: 15px; line-height: 1.8; color: #9ca3af; margin: 0;\">\n L\u2019\u00e9tape de validation a d\u00e9tect\u00e9 une affirmation fragile que l\u2019analyse initiale pr\u00e9sentait comme un fait. Vous savez o\u00f9 vos preuves sont solides et o\u00f9 elles n\u00e9cessitent une v\u00e9rification. De la Due Diligence avec une incertitude document\u00e9e, pas une fausse confiance.\n                <\/p>\n<\/p><\/div>\n<\/p><\/div>\n<\/section>\n<p>    <!-- BEST MODES --><\/p>\n<section style=\"padding: 100px 48px; border: 2px solid var(--border-subtle); border-radius: 12px;\">\n<div style=\"max-width: 900px; margin: 0 auto; text-align: center;\">\n<div class=\"section-label\">Modes recommand\u00e9s<\/div>\n<h2>Meilleurs modes pour la recherche &amp; la Due Diligence<\/h2>\n<table style=\"width: 100%; border-collapse: collapse; text-align: left; margin-top: 48px;\">\n<thead>\n<tr>\n<th style=\"padding: 16px; border-bottom: 2px solid #9ca3af; font-size: 14px; text-transform: uppercase; color: #9ca3af;\">Mode<\/th>\n<th style=\"padding: 16px; border-bottom: 2px solid #9ca3af; font-size: 14px; text-transform: uppercase; color: #9ca3af;\">Application<\/th>\n<\/tr>\n<\/thead>\n<tbody>\n<tr>\n<td style=\"padding: 16px; border-bottom: 1px solid var(--border-subtle);\"><strong>Research Symphony<\/strong><\/td>\n<td style=\"padding: 16px; border-bottom: 1px solid var(--border-subtle); color: #9ca3af;\">Analyse compl\u00e8te avec validation par \u00e9tapes<\/td>\n<\/tr>\n<tr>\n<td style=\"padding: 16px; border-bottom: 1px solid var(--border-subtle);\"><strong>Sequential<\/strong><\/td>\n<td style=\"padding: 16px; border-bottom: 1px solid var(--border-subtle); color: #9ca3af;\">Construire une recherche complexe couche par couche<\/td>\n<\/tr>\n<tr>\n<td style=\"padding: 16px;\"><strong>Targeted<\/strong><\/td>\n<td style=\"padding: 16px; color: #9ca3af;\">@perplexity pour les donn\u00e9es en temps r\u00e9el, @claude pour la revue critique<\/td>\n<\/tr>\n<\/tbody>\n<\/table><\/div>\n<\/section>\n<p>    <!-- DELIVERABLES --><\/p>\n<section style=\"padding: 100px 48px;\">\n<div style=\"max-width: 1200px; margin: 0 auto; text-align: center;\">\n<div class=\"section-label\">R\u00e9sultats<\/div>\n<h2>Types de livrables<\/h2>\n<p style=\"font-size: 18px; color: #9ca3af; margin-bottom: 48px;\">\n Exportez des documents de recherche professionnels directement depuis vos sessions d\u2019analyse.\n            <\/p>\n<div style=\"display: flex; flex-wrap: wrap; gap: 24px; justify-content: center;\">\n<div style=\"flex: 0 0 calc(25% - 18px); min-width: 200px; padding: 24px; border: 2px solid var(--border-subtle); border-radius: 12px; box-sizing: border-box;\">\n<h4 style=\"font-size: 16px; font-weight: 600; margin: 0 0 8px 0;\">M\u00e9mos de Due Diligence<\/h4>\n<p style=\"font-size: 14px; color: #9ca3af; margin: 0;\">Conclusions structur\u00e9es avec niveaux de confiance<\/p>\n<\/p><\/div>\n<div style=\"flex: 0 0 calc(25% - 18px); min-width: 200px; padding: 24px; border: 2px solid var(--border-subtle); border-radius: 12px; box-sizing: border-box;\">\n<h4 style=\"font-size: 16px; font-weight: 600; margin: 0 0 8px 0;\">Revues de litt\u00e9rature<\/h4>\n<p style=\"font-size: 14px; color: #9ca3af; margin: 0;\">Synth\u00e8se de niveau acad\u00e9mique avec citations<\/p>\n<\/p><\/div>\n<div style=\"flex: 0 0 calc(25% - 18px); min-width: 200px; padding: 24px; border: 2px solid var(--border-subtle); border-radius: 12px; box-sizing: border-box;\">\n<h4 style=\"font-size: 16px; font-weight: 600; margin: 0 0 8px 0;\">Notes concurrentielles<\/h4>\n<p style=\"font-size: 14px; color: #9ca3af; margin: 0;\">Rapports de veille v\u00e9rifi\u00e9s de mani\u00e8re crois\u00e9e<\/p>\n<\/p><\/div>\n<div style=\"flex: 0 0 calc(25% - 18px); min-width: 200px; padding: 24px; border: 2px solid var(--border-subtle); border-radius: 12px; box-sizing: border-box;\">\n<h4 style=\"font-size: 16px; font-weight: 600; margin: 0 0 8px 0;\">Analyse de march\u00e9<\/h4>\n<p style=\"font-size: 14px; color: #9ca3af; margin: 0;\">Veille march\u00e9 \u00e9tay\u00e9e par les donn\u00e9es<\/p>\n<\/p><\/div>\n<\/p><\/div>\n<\/p><\/div>\n<\/section>\n<p>    <!-- RELATED --><\/p>\n<section style=\"padding: 100px 48px; border: 2px solid var(--border-subtle); border-radius: 12px;\">\n<div style=\"max-width: 1200px; margin: 0 auto; text-align: center;\">\n<div class=\"section-label\">Associ\u00e9<\/div>\n<h2>Explorer plus de cas d&rsquo;usage<\/h2>\n<div style=\"display: flex; flex-wrap: wrap; gap: 24px; margin-top: 48px; text-align: left;\">\n<div style=\"flex: 0 0 calc(33.333% - 16px); min-width: 280px; padding: 24px; border: 2px solid var(--border-subtle); border-radius: 12px; box-sizing: border-box;\">\n<h4 style=\"font-size: 16px; font-weight: 600; margin: 0 0 8px 0;\">D\u00e9cisions d\u2019investissement<\/h4>\n<p style=\"font-size: 14px; color: #9ca3af; margin: 0 0 16px 0;\">Validation de th\u00e8se haussi\u00e8re vs baissi\u00e8re avec raisonnement document\u00e9.<\/p>\n<p>                    <a href=\"https:\/\/suprmind.ai\/hub\/use-cases\/investment-decisions\/\" style=\"font-size: 14px;\">Valider un investissement \u2192<\/a>\n                <\/div>\n<div style=\"flex: 0 0 calc(33.333% - 16px); min-width: 280px; padding: 24px; border: 2px solid var(--border-subtle); border-radius: 12px; box-sizing: border-box;\">\n<h4 style=\"font-size: 16px; font-weight: 600; margin: 0 0 8px 0;\">\u00c9tude de march\u00e9<\/h4>\n<p style=\"font-size: 14px; color: #9ca3af; margin: 0 0 16px 0;\">Veille concurrentielle v\u00e9rifi\u00e9e de mani\u00e8re crois\u00e9e, avec des affirmations sourc\u00e9es.<\/p>\n<p>                    <a href=\"https:\/\/suprmind.ai\/hub\/use-cases\/market-research\/\" style=\"font-size: 14px;\">Analyser votre march\u00e9 \u2192<\/a>\n                <\/div>\n<div style=\"flex: 0 0 calc(33.333% - 16px); min-width: 280px; padding: 24px; border: 2px solid var(--border-subtle); border-radius: 12px; box-sizing: border-box;\">\n<h4 style=\"font-size: 16px; font-weight: 600; margin: 0 0 8px 0;\">Analyse juridique<\/h4>\n<p style=\"font-size: 14px; color: #9ca3af; margin: 0 0 16px 0;\">Examen de contrats et strat\u00e9gie de cas avec tests contradictoires.<\/p>\n<p>                    <a href=\"https:\/\/suprmind.ai\/hub\/use-cases\/legal-analysis\/\" style=\"font-size: 14px;\">Examiner un contrat \u2192<\/a>\n                <\/div>\n<\/p><\/div>\n<\/p><\/div>\n<\/section>\n<p>    <!-- CTA --><\/p>\n<section style=\"padding: 120px 48px;\">\n<div style=\"max-width: 900px; margin: 0 auto; text-align: center;\">\n<h2 style=\"font-size: 36px; margin-bottom: 24px;\">\n D\u00e9marrer une session de recherche<br \/>\n            <\/h2>\n<p style=\"font-size: 18px; color: #9ca3af; margin-bottom: 40px;\">\n Analyse v\u00e9rifi\u00e9e de mani\u00e8re crois\u00e9e. Incertitude document\u00e9e. Une recherche que vous pouvez d\u00e9fendre.\n            <\/p>\n<div class=\"hero-cta-group\">\n                <a href=\"https:\/\/suprmind.ai\/hub\/features\/\" class=\"btn-primary\">Voir Comment \u00e7a marche<\/a><br \/>\n <a href=\"\/hub?page_id=3347\" class=\"btn-secondary\">Voir les Tarifs<\/a>\n            <\/div>\n<\/p><\/div>\n<\/section>\n<\/div>\n","protected":false},"excerpt":{"rendered":"<p>Cas d&rsquo;usage Recherche &amp; Due Diligence avec v\u00e9rification crois\u00e9e par IA Menez vos recherches \u00e0 travers 5 mod\u00e8les d\u2019IA de pointe. Chacun valide les conclusions des autres. Obtenez une analyse sourc\u00e9e et v\u00e9rifi\u00e9e de mani\u00e8re crois\u00e9e en quelques minutes plut\u00f4t qu\u2019en quelques jours. D\u00e9marrer une session de recherche Voir toutes les Fonctionnalit\u00e9s D\u00e9couvrez comment cinq [&hellip;]<\/p>\n","protected":false},"author":1,"featured_media":0,"parent":3407,"menu_order":0,"comment_status":"closed","ping_status":"closed","template":"","meta":{"footnotes":""},"class_list":["post-3475","page","type-page","status-publish","hentry"],"yoast_head":"<!-- This site is optimized with the Yoast SEO Premium plugin v27.5 (Yoast SEO v27.5) - https:\/\/yoast.com\/product\/yoast-seo-premium-wordpress\/ -->\n<title>Due Diligence - Suprmind<\/title>\n<meta name=\"robots\" content=\"index, follow, max-snippet:-1, max-image-preview:large, max-video-preview:-1\" \/>\n<link rel=\"canonical\" href=\"https:\/\/suprmind.ai\/hub\/fr\/cas-dusage\/due-diligence\/\" \/>\n<meta property=\"og:locale\" content=\"fr_FR\" \/>\n<meta property=\"og:type\" content=\"article\" \/>\n<meta property=\"og:title\" content=\"Due Diligence\" \/>\n<meta property=\"og:description\" content=\"Cas d&rsquo;usage Recherche &amp; Due Diligence avec v\u00e9rification crois\u00e9e par IA Menez vos recherches \u00e0 travers 5 mod\u00e8les d\u2019IA de pointe. Chacun valide les conclusions des autres. Obtenez une analyse sourc\u00e9e et v\u00e9rifi\u00e9e de mani\u00e8re crois\u00e9e en quelques minutes plut\u00f4t qu\u2019en quelques jours. D\u00e9marrer une session de recherche Voir toutes les Fonctionnalit\u00e9s D\u00e9couvrez comment cinq [&hellip;]\" \/>\n<meta property=\"og:url\" content=\"https:\/\/suprmind.ai\/hub\/fr\/cas-dusage\/due-diligence\/\" \/>\n<meta property=\"og:site_name\" content=\"Suprmind\" \/>\n<meta property=\"article:publisher\" content=\"https:\/\/www.facebook.com\/suprmind.ai.orchestration\" \/>\n<meta property=\"og:image\" content=\"https:\/\/suprmind.ai\/hub\/wp-content\/uploads\/2026\/02\/disagreement-is-the-feature-og-scaled.png\" \/>\n\t<meta property=\"og:image:width\" content=\"1920\" \/>\n\t<meta property=\"og:image:height\" content=\"1008\" \/>\n\t<meta property=\"og:image:type\" content=\"image\/png\" \/>\n<meta name=\"twitter:card\" content=\"summary_large_image\" \/>\n<meta name=\"twitter:site\" content=\"@suprmind_ai\" \/>\n<meta name=\"twitter:label1\" content=\"Dur\u00e9e de lecture estim\u00e9e\" \/>\n\t<meta name=\"twitter:data1\" content=\"3 minutes\" \/>\n<script type=\"application\/ld+json\" class=\"yoast-schema-graph\">{\"@context\":\"https:\\\/\\\/schema.org\",\"@graph\":[{\"@type\":\"WebPage\",\"@id\":\"https:\\\/\\\/suprmind.ai\\\/hub\\\/fr\\\/cas-dusage\\\/due-diligence\\\/\",\"url\":\"https:\\\/\\\/suprmind.ai\\\/hub\\\/fr\\\/cas-dusage\\\/due-diligence\\\/\",\"name\":\"Due Diligence - Suprmind\",\"isPartOf\":{\"@id\":\"https:\\\/\\\/suprmind.ai\\\/hub\\\/fr\\\/#website\"},\"datePublished\":\"2026-01-28T23:21:26+00:00\",\"breadcrumb\":{\"@id\":\"https:\\\/\\\/suprmind.ai\\\/hub\\\/fr\\\/cas-dusage\\\/due-diligence\\\/#breadcrumb\"},\"inLanguage\":\"fr-FR\",\"potentialAction\":[{\"@type\":\"ReadAction\",\"target\":[\"https:\\\/\\\/suprmind.ai\\\/hub\\\/fr\\\/cas-dusage\\\/due-diligence\\\/\"]}]},{\"@type\":\"BreadcrumbList\",\"@id\":\"https:\\\/\\\/suprmind.ai\\\/hub\\\/fr\\\/cas-dusage\\\/due-diligence\\\/#breadcrumb\",\"itemListElement\":[{\"@type\":\"ListItem\",\"position\":1,\"name\":\"Home\",\"item\":\"https:\\\/\\\/suprmind.ai\\\/hub\\\/fr\\\/hub\\\/\"},{\"@type\":\"ListItem\",\"position\":2,\"name\":\"Cas d&rsquo;usage\",\"item\":\"https:\\\/\\\/suprmind.ai\\\/hub\\\/fr\\\/cas-dusage\\\/\"},{\"@type\":\"ListItem\",\"position\":3,\"name\":\"Due Diligence\"}]},{\"@type\":\"WebSite\",\"@id\":\"https:\\\/\\\/suprmind.ai\\\/hub\\\/fr\\\/#website\",\"url\":\"https:\\\/\\\/suprmind.ai\\\/hub\\\/fr\\\/\",\"name\":\"Suprmind\",\"description\":\"Multi-Model AI Decision Intelligence Chat Platform for Professionals for Business: 5 Models, One Thread .\",\"publisher\":{\"@id\":\"https:\\\/\\\/suprmind.ai\\\/hub\\\/fr\\\/#organization\"},\"alternateName\":\"Suprmind AI\",\"potentialAction\":[{\"@type\":\"SearchAction\",\"target\":{\"@type\":\"EntryPoint\",\"urlTemplate\":\"https:\\\/\\\/suprmind.ai\\\/hub\\\/fr\\\/?s={search_term_string}\"},\"query-input\":{\"@type\":\"PropertyValueSpecification\",\"valueRequired\":true,\"valueName\":\"search_term_string\"}}],\"inLanguage\":\"fr-FR\"},{\"@type\":\"Organization\",\"@id\":\"https:\\\/\\\/suprmind.ai\\\/hub\\\/fr\\\/#organization\",\"name\":\"Suprmind\",\"alternateName\":\"Suprmind AI\",\"url\":\"https:\\\/\\\/suprmind.ai\\\/hub\\\/fr\\\/\",\"logo\":{\"@type\":\"ImageObject\",\"inLanguage\":\"fr-FR\",\"@id\":\"https:\\\/\\\/suprmind.ai\\\/hub\\\/fr\\\/#\\\/schema\\\/logo\\\/image\\\/\",\"url\":\"https:\\\/\\\/suprmind.ai\\\/hub\\\/wp-content\\\/uploads\\\/2026\\\/05\\\/suprmind-logo-og.png\",\"contentUrl\":\"https:\\\/\\\/suprmind.ai\\\/hub\\\/wp-content\\\/uploads\\\/2026\\\/05\\\/suprmind-logo-og.png\",\"width\":696,\"height\":696,\"caption\":\"Suprmind\"},\"image\":{\"@id\":\"https:\\\/\\\/suprmind.ai\\\/hub\\\/fr\\\/#\\\/schema\\\/logo\\\/image\\\/\"},\"sameAs\":[\"https:\\\/\\\/www.facebook.com\\\/suprmind.ai.orchestration\",\"https:\\\/\\\/x.com\\\/suprmind_ai\",\"https:\\\/\\\/linkedin.com\\\/company\\\/suprmind\"],\"description\":\"Decision validation platform for professionals who can't afford to be wrong. Five smartest AIs, in the same conversation. They debate, challenge, and build on each other - you export the verdict as a deliverable. Disagreement is the feature.\",\"email\":\"team@suprmind.ai\",\"telephone\":\"+381637201488\",\"legalName\":\"Four Dots\",\"foundingDate\":\"2025-11-01\",\"vatID\":\"108877345\",\"duns\":\"506165595\",\"numberOfEmployees\":{\"@type\":\"QuantitativeValue\",\"minValue\":\"1\",\"maxValue\":\"10\"}}]}<\/script>\n<!-- \/ Yoast SEO Premium plugin. -->","yoast_head_json":{"title":"Due Diligence - Suprmind","robots":{"index":"index","follow":"follow","max-snippet":"max-snippet:-1","max-image-preview":"max-image-preview:large","max-video-preview":"max-video-preview:-1"},"canonical":"https:\/\/suprmind.ai\/hub\/fr\/cas-dusage\/due-diligence\/","og_locale":"fr_FR","og_type":"article","og_title":"Due Diligence","og_description":"Cas d&rsquo;usage Recherche &amp; Due Diligence avec v\u00e9rification crois\u00e9e par IA Menez vos recherches \u00e0 travers 5 mod\u00e8les d\u2019IA de pointe. Chacun valide les conclusions des autres. Obtenez une analyse sourc\u00e9e et v\u00e9rifi\u00e9e de mani\u00e8re crois\u00e9e en quelques minutes plut\u00f4t qu\u2019en quelques jours. D\u00e9marrer une session de recherche Voir toutes les Fonctionnalit\u00e9s D\u00e9couvrez comment cinq [&hellip;]","og_url":"https:\/\/suprmind.ai\/hub\/fr\/cas-dusage\/due-diligence\/","og_site_name":"Suprmind","article_publisher":"https:\/\/www.facebook.com\/suprmind.ai.orchestration","og_image":[{"width":1920,"height":1008,"url":"https:\/\/suprmind.ai\/hub\/wp-content\/uploads\/2026\/02\/disagreement-is-the-feature-og-scaled.png","type":"image\/png"}],"twitter_card":"summary_large_image","twitter_site":"@suprmind_ai","twitter_misc":{"Dur\u00e9e de lecture estim\u00e9e":"3 minutes"},"schema":{"@context":"https:\/\/schema.org","@graph":[{"@type":"WebPage","@id":"https:\/\/suprmind.ai\/hub\/fr\/cas-dusage\/due-diligence\/","url":"https:\/\/suprmind.ai\/hub\/fr\/cas-dusage\/due-diligence\/","name":"Due Diligence - Suprmind","isPartOf":{"@id":"https:\/\/suprmind.ai\/hub\/fr\/#website"},"datePublished":"2026-01-28T23:21:26+00:00","breadcrumb":{"@id":"https:\/\/suprmind.ai\/hub\/fr\/cas-dusage\/due-diligence\/#breadcrumb"},"inLanguage":"fr-FR","potentialAction":[{"@type":"ReadAction","target":["https:\/\/suprmind.ai\/hub\/fr\/cas-dusage\/due-diligence\/"]}]},{"@type":"BreadcrumbList","@id":"https:\/\/suprmind.ai\/hub\/fr\/cas-dusage\/due-diligence\/#breadcrumb","itemListElement":[{"@type":"ListItem","position":1,"name":"Home","item":"https:\/\/suprmind.ai\/hub\/fr\/hub\/"},{"@type":"ListItem","position":2,"name":"Cas d&rsquo;usage","item":"https:\/\/suprmind.ai\/hub\/fr\/cas-dusage\/"},{"@type":"ListItem","position":3,"name":"Due Diligence"}]},{"@type":"WebSite","@id":"https:\/\/suprmind.ai\/hub\/fr\/#website","url":"https:\/\/suprmind.ai\/hub\/fr\/","name":"Suprmind","description":"Multi-Model AI Decision Intelligence Chat Platform for Professionals for Business: 5 Models, One Thread .","publisher":{"@id":"https:\/\/suprmind.ai\/hub\/fr\/#organization"},"alternateName":"Suprmind AI","potentialAction":[{"@type":"SearchAction","target":{"@type":"EntryPoint","urlTemplate":"https:\/\/suprmind.ai\/hub\/fr\/?s={search_term_string}"},"query-input":{"@type":"PropertyValueSpecification","valueRequired":true,"valueName":"search_term_string"}}],"inLanguage":"fr-FR"},{"@type":"Organization","@id":"https:\/\/suprmind.ai\/hub\/fr\/#organization","name":"Suprmind","alternateName":"Suprmind AI","url":"https:\/\/suprmind.ai\/hub\/fr\/","logo":{"@type":"ImageObject","inLanguage":"fr-FR","@id":"https:\/\/suprmind.ai\/hub\/fr\/#\/schema\/logo\/image\/","url":"https:\/\/suprmind.ai\/hub\/wp-content\/uploads\/2026\/05\/suprmind-logo-og.png","contentUrl":"https:\/\/suprmind.ai\/hub\/wp-content\/uploads\/2026\/05\/suprmind-logo-og.png","width":696,"height":696,"caption":"Suprmind"},"image":{"@id":"https:\/\/suprmind.ai\/hub\/fr\/#\/schema\/logo\/image\/"},"sameAs":["https:\/\/www.facebook.com\/suprmind.ai.orchestration","https:\/\/x.com\/suprmind_ai","https:\/\/linkedin.com\/company\/suprmind"],"description":"Decision validation platform for professionals who can't afford to be wrong. Five smartest AIs, in the same conversation. They debate, challenge, and build on each other - you export the verdict as a deliverable. Disagreement is the feature.","email":"team@suprmind.ai","telephone":"+381637201488","legalName":"Four Dots","foundingDate":"2025-11-01","vatID":"108877345","duns":"506165595","numberOfEmployees":{"@type":"QuantitativeValue","minValue":"1","maxValue":"10"}}]}},"_links":{"self":[{"href":"https:\/\/suprmind.ai\/hub\/fr\/wp-json\/wp\/v2\/pages\/3475","targetHints":{"allow":["GET"]}}],"collection":[{"href":"https:\/\/suprmind.ai\/hub\/fr\/wp-json\/wp\/v2\/pages"}],"about":[{"href":"https:\/\/suprmind.ai\/hub\/fr\/wp-json\/wp\/v2\/types\/page"}],"author":[{"embeddable":true,"href":"https:\/\/suprmind.ai\/hub\/fr\/wp-json\/wp\/v2\/users\/1"}],"replies":[{"embeddable":true,"href":"https:\/\/suprmind.ai\/hub\/fr\/wp-json\/wp\/v2\/comments?post=3475"}],"version-history":[{"count":0,"href":"https:\/\/suprmind.ai\/hub\/fr\/wp-json\/wp\/v2\/pages\/3475\/revisions"}],"up":[{"embeddable":true,"href":"https:\/\/suprmind.ai\/hub\/fr\/wp-json\/wp\/v2\/pages\/3407"}],"wp:attachment":[{"href":"https:\/\/suprmind.ai\/hub\/fr\/wp-json\/wp\/v2\/media?parent=3475"}],"curies":[{"name":"wp","href":"https:\/\/api.w.org\/{rel}","templated":true}]}}