{"id":3472,"date":"2026-01-28T23:20:43","date_gmt":"2026-01-28T23:20:43","guid":{"rendered":"https:\/\/suprmind.ai\/hub\/cas-dusage\/etude-de-marche\/"},"modified":"2026-01-28T23:20:43","modified_gmt":"2026-01-28T23:20:43","slug":"etude-de-marche","status":"publish","type":"page","link":"https:\/\/suprmind.ai\/hub\/fr\/cas-dusage\/etude-de-marche\/","title":{"rendered":"\u00c9tude de march\u00e9"},"content":{"rendered":"<div style=\"padding-top: 60px;\">\n<p>    <!-- HERO --><\/p>\n<section class=\"hero\">\n<div class=\"hero-content\">\n<div class=\"hero-label\">Cas d&rsquo;usage<\/div>\n<h1>\u00c9tude de march\u00e9 avec v\u00e9rification crois\u00e9e par l\u2019IA<\/h1>\n<p class=\"hero-subtitle\" style=\"padding-top: 30px;\">\n 5 mod\u00e8les d\u2019IA analysent votre march\u00e9, vos concurrents et les tendances. Des informations v\u00e9rifi\u00e9es de mani\u00e8re crois\u00e9e, avec des sources. Exportez des synth\u00e8ses sur les concurrents et des analyses de march\u00e9.\n            <\/p>\n<div class=\"hero-cta-group\" style=\"margin-top: 40px;\">\n                <a href=\"https:\/\/suprmind.ai\/\" class=\"btn-primary\">Analysez votre march\u00e9<\/a><br \/>\n                <a href=\"https:\/\/suprmind.ai\/hub\/features\/\" class=\"btn-secondary\">Voir toutes les fonctionnalit\u00e9s<\/a>\n            <\/div>\n<\/p><\/div>\n<\/section>\n<h2 style=\"text-align:center; max-width:700px; margin:0 auto 24px; font-size:2rem; line-height:1.3;\">D\u00e9couvrez comment cinq mod\u00e8les d\u2019IA v\u00e9rifient de mani\u00e8re crois\u00e9e l\u2019intelligence de march\u00e9 en temps r\u00e9el<\/h2>\n<div id=\"suprmind-demo\" style=\"width:100%; overflow:hidden;\"><\/div>\n<p>    <!-- THE PROBLEM --><\/p>\n<section style=\"padding: 100px 48px;\">\n<div style=\"max-width: 900px; margin: 0 auto;\">\n<div class=\"section-label\">Le probl\u00e8me<\/div>\n<h2>L\u2019\u00e9tude de march\u00e9 avec une seule IA est un jeu de confiance<\/h2>\n<p style=\"font-size: 18px; line-height: 1.8; color: #9ca3af; margin-top: 32px;\">\n Une \u00e9tude de march\u00e9 issue d\u2019une seule IA est un jeu de confiance. Elle vous dit ce qu\u2019elle sait \u2014 ou ce qu\u2019elle hallucine \u2014 avec la m\u00eame certitude. Vous avez besoin de donn\u00e9es actuelles, d\u2019affirmations valid\u00e9es et de perspectives qui remettent en question les id\u00e9es re\u00e7ues. Et vous en avez besoin en quelques heures, pas en quelques semaines.\n            <\/p>\n<\/p><\/div>\n<\/section>\n<p>    <!-- WHAT SUPRMIND DOES --><\/p>\n<section style=\"padding: 100px 48px; border: 2px solid var(--border-subtle); border-radius: 12px;\">\n<div style=\"max-width: 1200px; margin: 0 auto; text-align: center;\">\n<div class=\"section-label\">Ce que fait Suprmind<\/div>\n<h2>Research Symphony construit l\u2019intelligence de march\u00e9 par \u00e9tapes<\/h2>\n<p style=\"font-size: 18px; color: #9ca3af; margin-bottom: 60px;\">\n Chaque affirmation est rattach\u00e9e \u00e0 sa source. Chaque hypoth\u00e8se est remise en question.\n            <\/p>\n<div style=\"display: flex; flex-wrap: wrap; gap: 24px; text-align: left;\">\n<div style=\"flex: 0 0 calc(25% - 18px); min-width: 240px; padding: 32px; border: 2px solid var(--border-subtle); border-radius: 12px; box-sizing: border-box;\">\n<div style=\"font-size: 48px; font-weight: 300; color: #9ca3af; margin-bottom: 16px;\">1<\/div>\n<h4 style=\"font-size: 18px; font-weight: 600; margin: 0 0 8px 0;\">Collecte de donn\u00e9es<\/h4>\n<p style=\"font-size: 14px; color: #9ca3af; margin: 0 0 16px 0;\">Perplexity<\/p>\n<ul style=\"font-size: 14px; line-height: 1.8; margin: 0; padding-left: 20px; color: #9ca3af;\">\n<li>Actualit\u00e9s concurrentielles en temps r\u00e9el<\/li>\n<li>Donn\u00e9es de dimensionnement du march\u00e9<\/li>\n<li>Indicateurs de tendance<\/li>\n<li>Citations des sources pour chaque affirmation<\/li>\n<\/ul><\/div>\n<div style=\"flex: 0 0 calc(25% - 18px); min-width: 240px; padding: 32px; border: 2px solid var(--border-subtle); border-radius: 12px; box-sizing: border-box;\">\n<div style=\"font-size: 48px; font-weight: 300; color: #9ca3af; margin-bottom: 16px;\">2<\/div>\n<h4 style=\"font-size: 18px; font-weight: 600; margin: 0 0 8px 0;\">Analyse des tendances<\/h4>\n<p style=\"font-size: 14px; color: #9ca3af; margin: 0 0 16px 0;\">GPT-5.2<\/p>\n<ul style=\"font-size: 14px; line-height: 1.8; margin: 0; padding-left: 20px; color: #9ca3af;\">\n<li>Cartes de positionnement concurrentiel<\/li>\n<li>Analyse des segments de march\u00e9<\/li>\n<li>Interpr\u00e9tation des tendances<\/li>\n<li>Identification des lacunes<\/li>\n<\/ul><\/div>\n<div style=\"flex: 0 0 calc(25% - 18px); min-width: 240px; padding: 32px; border: 2px solid var(--border-subtle); border-radius: 12px; box-sizing: border-box;\">\n<div style=\"font-size: 48px; font-weight: 300; color: #9ca3af; margin-bottom: 16px;\">3<\/div>\n<h4 style=\"font-size: 18px; font-weight: 600; margin: 0 0 8px 0;\">Validation critique<\/h4>\n<p style=\"font-size: 14px; color: #9ca3af; margin: 0 0 16px 0;\">Claude Opus 4.5<\/p>\n<ul style=\"font-size: 14px; line-height: 1.8; margin: 0; padding-left: 20px; color: #9ca3af;\">\n<li>Remet en question les hypoth\u00e8ses de taille de march\u00e9<\/li>\n<li>Interroge les intentions des concurrents<\/li>\n<li>Signale les donn\u00e9es obsol\u00e8tes<\/li>\n<li>Identifie les affirmations fragiles<\/li>\n<\/ul><\/div>\n<div style=\"flex: 0 0 calc(25% - 18px); min-width: 240px; padding: 32px; border: 2px solid var(--border-subtle); border-radius: 12px; box-sizing: border-box;\">\n<div style=\"font-size: 48px; font-weight: 300; color: #9ca3af; margin-bottom: 16px;\">4<\/div>\n<h4 style=\"font-size: 18px; font-weight: 600; margin: 0 0 8px 0;\">Synth\u00e8se<\/h4>\n<p style=\"font-size: 14px; color: #9ca3af; margin: 0 0 16px 0;\">Gemini 3 Pro<\/p>\n<ul style=\"font-size: 14px; line-height: 1.8; margin: 0; padding-left: 20px; color: #9ca3af;\">\n<li>Synth\u00e8se d\u2019intelligence unifi\u00e9e<\/li>\n<li>R\u00e9sultats pond\u00e9r\u00e9s par niveau de confiance<\/li>\n<li>Recommandations<\/li>\n<li>Incertitude explicite<\/li>\n<\/ul><\/div>\n<\/p><\/div>\n<\/p><\/div>\n<\/section>\n<p>    <!-- SPECIFIC EXAMPLE --><\/p>\n<section style=\"padding: 100px 48px;\">\n<div style=\"max-width: 1000px; margin: 0 auto;\">\n<div class=\"section-label\">Exemple<\/div>\n<h2>PMM : pr\u00e9paration du paysage concurrentiel pour un lancement produit<\/h2>\n<p style=\"font-size: 18px; color: #9ca3af; margin-bottom: 48px;\">\n Requ\u00eate : \u00ab Analysez le march\u00e9 des logiciels de gestion de projet pour un nouveau positionnement produit \u00bb\n            <\/p>\n<div style=\"display: flex; flex-direction: column; gap: 24px;\">\n<div style=\"padding: 32px; border: 2px solid var(--border-subtle); border-radius: 12px;\">\n<h4 style=\"font-size: 16px; font-weight: 600; margin: 0 0 12px 0;\">Perplexity (Collecte de donn\u00e9es)<\/h4>\n<p style=\"font-size: 15px; color: #9ca3af; margin: 0;\">\n Cartographie actuelle du march\u00e9 \u2014 47 concurrents identifi\u00e9s, tours de financement r\u00e9cents, annonces de fonctionnalit\u00e9s au cours des 90 derniers jours. Toutes les sources sont cit\u00e9es.\n                    <\/p>\n<\/p><\/div>\n<div style=\"padding: 32px; border: 2px solid var(--border-subtle); border-radius: 12px;\">\n<h4 style=\"font-size: 16px; font-weight: 600; margin: 0 0 12px 0;\">GPT-5.2 (Analyse des tendances)<\/h4>\n<p style=\"font-size: 15px; color: #9ca3af; margin: 0;\">\n Segments identifi\u00e9s \u2014 Entreprise (satur\u00e9), PME (encombr\u00e9), Sp\u00e9cifique \u00e0 un secteur (opportunit\u00e9). Analyse des \u00e9carts de fonctionnalit\u00e9s sur les 10 principaux concurrents.\n                    <\/p>\n<\/p><\/div>\n<div style=\"padding: 32px; border: 2px solid var(--border-subtle); border-radius: 12px;\">\n<h4 style=\"font-size: 16px; font-weight: 600; margin: 0 0 12px 0;\">Claude (Validation critique)<\/h4>\n<p style=\"font-size: 15px; color: #9ca3af; margin: 0;\">\n \u00ab Les estimations de la taille du march\u00e9 varient de 5,2 Md$ \u00e0 9,1 Md$ selon les sources. Les chiffres les plus \u00e9lev\u00e9s incluent des cat\u00e9gories adjacentes. Une estimation prudente est plus d\u00e9fendable. \u00bb\n                    <\/p>\n<\/p><\/div>\n<div style=\"padding: 32px; border: 2px solid var(--border-subtle); border-radius: 12px;\">\n<h4 style=\"font-size: 16px; font-weight: 600; margin: 0 0 12px 0;\">Gemini (Synth\u00e8se)<\/h4>\n<p style=\"font-size: 15px; color: #9ca3af; margin: 0;\">\n Recommandation de positionnement synth\u00e9tis\u00e9e, avec des opportunit\u00e9s de diff\u00e9renciation concurrentielle, des facteurs de risque d\u2019entr\u00e9e sur le march\u00e9 et une priorisation des segments avec des niveaux de confiance.\n                    <\/p>\n<\/p><\/div>\n<\/p><\/div>\n<div style=\"margin-top: 48px; padding: 32px; border: 2px solid var(--border-subtle); border-radius: 12px;\">\n<h4 style=\"font-size: 18px; font-weight: 600; margin: 0 0 16px 0;\">Livrable g\u00e9n\u00e9r\u00e9<\/h4>\n<p style=\"font-size: 15px; line-height: 1.8; color: #9ca3af; margin: 0;\">\n Analyse du paysage concurrentiel de 20 pages avec recommandation de positionnement, profils de concurrents avec affirmations sourc\u00e9es et analyse des \u00e9carts mettant en \u00e9vidence les opportunit\u00e9s. L\u2019\u00e9quipe produit dispose d\u2019une analyse de march\u00e9 d\u00e9fendable, avec des sources document\u00e9es, et non de suppositions g\u00e9n\u00e9r\u00e9es par l\u2019IA.\n                <\/p>\n<\/p><\/div>\n<\/p><\/div>\n<\/section>\n<p>    <!-- BEST MODES --><\/p>\n<section style=\"padding: 100px 48px; border: 2px solid var(--border-subtle); border-radius: 12px;\">\n<div style=\"max-width: 900px; margin: 0 auto; text-align: center;\">\n<div class=\"section-label\">Modes recommand\u00e9s<\/div>\n<h2>Meilleurs modes pour l\u2019\u00e9tude de march\u00e9<\/h2>\n<table style=\"width: 100%; border-collapse: collapse; text-align: left; margin-top: 48px;\">\n<thead>\n<tr>\n<th style=\"padding: 16px; border-bottom: 2px solid #9ca3af; font-size: 14px; text-transform: uppercase; color: #9ca3af;\">Mode<\/th>\n<th style=\"padding: 16px; border-bottom: 2px solid #9ca3af; font-size: 14px; text-transform: uppercase; color: #9ca3af;\">Application<\/th>\n<\/tr>\n<\/thead>\n<tbody>\n<tr>\n<td style=\"padding: 16px; border-bottom: 1px solid var(--border-subtle);\"><strong>Research Symphony<\/strong><\/td>\n<td style=\"padding: 16px; border-bottom: 1px solid var(--border-subtle); color: #9ca3af;\">Analyse de march\u00e9 compl\u00e8te avec validation par \u00e9tapes<\/td>\n<\/tr>\n<tr>\n<td style=\"padding: 16px; border-bottom: 1px solid var(--border-subtle);\"><strong>Sequential<\/strong><\/td>\n<td style=\"padding: 16px; border-bottom: 1px solid var(--border-subtle); color: #9ca3af;\">Intelligence concurrentielle approfondie, construite couche par couche<\/td>\n<\/tr>\n<tr>\n<td style=\"padding: 16px;\"><strong>Targeted<\/strong><\/td>\n<td style=\"padding: 16px; color: #9ca3af;\">@perplexity pour les donn\u00e9es en temps r\u00e9el, @grok pour le sentiment social<\/td>\n<\/tr>\n<\/tbody>\n<\/table><\/div>\n<\/section>\n<p>    <!-- DELIVERABLES --><\/p>\n<section style=\"padding: 100px 48px;\">\n<div style=\"max-width: 1200px; margin: 0 auto; text-align: center;\">\n<div class=\"section-label\">R\u00e9sultats<\/div>\n<h2>Types de livrables<\/h2>\n<p style=\"font-size: 18px; color: #9ca3af; margin-bottom: 48px;\">\n Exportez des \u00e9tudes de march\u00e9 professionnelles directement depuis vos sessions d\u2019analyse.\n            <\/p>\n<div style=\"display: flex; flex-wrap: wrap; gap: 24px; justify-content: center;\">\n<div style=\"flex: 0 0 calc(25% - 18px); min-width: 200px; padding: 24px; border: 2px solid var(--border-subtle); border-radius: 12px; box-sizing: border-box;\">\n<h4 style=\"font-size: 16px; font-weight: 600; margin: 0 0 8px 0;\">Paysages concurrentiels<\/h4>\n<p style=\"font-size: 14px; color: #9ca3af; margin: 0;\">Cartographie compl\u00e8te du march\u00e9 avec affirmations sourc\u00e9es<\/p>\n<\/p><\/div>\n<div style=\"flex: 0 0 calc(25% - 18px); min-width: 200px; padding: 24px; border: 2px solid var(--border-subtle); border-radius: 12px; box-sizing: border-box;\">\n<h4 style=\"font-size: 16px; font-weight: 600; margin: 0 0 8px 0;\">Rapports de dimensionnement du march\u00e9<\/h4>\n<p style=\"font-size: 14px; color: #9ca3af; margin: 0;\">Analyse TAM\/SAM\/SOM \u00e9tay\u00e9e par des donn\u00e9es<\/p>\n<\/p><\/div>\n<div style=\"flex: 0 0 calc(25% - 18px); min-width: 200px; padding: 24px; border: 2px solid var(--border-subtle); border-radius: 12px; box-sizing: border-box;\">\n<h4 style=\"font-size: 16px; font-weight: 600; margin: 0 0 8px 0;\">Synth\u00e8ses d\u2019analyse des tendances<\/h4>\n<p style=\"font-size: 14px; color: #9ca3af; margin: 0;\">Tendances \u00e9mergentes avec preuves \u00e0 l\u2019appui<\/p>\n<\/p><\/div>\n<div style=\"flex: 0 0 calc(25% - 18px); min-width: 200px; padding: 24px; border: 2px solid var(--border-subtle); border-radius: 12px; box-sizing: border-box;\">\n<h4 style=\"font-size: 16px; font-weight: 600; margin: 0 0 8px 0;\">Recommandations de positionnement<\/h4>\n<p style=\"font-size: 14px; color: #9ca3af; margin: 0;\">Diff\u00e9renciation strat\u00e9gique avec justification<\/p>\n<\/p><\/div>\n<\/p><\/div>\n<\/p><\/div>\n<\/section>\n<p>    <!-- RELATED --><\/p>\n<section style=\"padding: 100px 48px; border: 2px solid var(--border-subtle); border-radius: 12px;\">\n<div style=\"max-width: 1200px; margin: 0 auto; text-align: center;\">\n<div class=\"section-label\">Associ\u00e9<\/div>\n<h2>Explorer plus de cas d&rsquo;usage<\/h2>\n<div style=\"display: flex; flex-wrap: wrap; gap: 24px; margin-top: 48px; text-align: left;\">\n<div style=\"flex: 0 0 calc(33.333% - 16px); min-width: 280px; padding: 24px; border: 2px solid var(--border-subtle); border-radius: 12px; box-sizing: border-box;\">\n<h4 style=\"font-size: 16px; font-weight: 600; margin: 0 0 8px 0;\">Strat\u00e9gie &amp; Planification<\/h4>\n<p style=\"font-size: 14px; color: #9ca3af; margin: 0 0 16px 0;\">Panels d\u2019experts bas\u00e9s sur l\u2019IA pour les d\u00e9cisions strat\u00e9giques.<\/p>\n<p>                    <a href=\"https:\/\/suprmind.ai\/hub\/use-cases\/strategy-planning\/\" style=\"font-size: 14px;\">Obtenir une analyse strat\u00e9gique \u2192<\/a>\n                <\/div>\n<div style=\"flex: 0 0 calc(33.333% - 16px); min-width: 280px; padding: 24px; border: 2px solid var(--border-subtle); border-radius: 12px; box-sizing: border-box;\">\n<h4 style=\"font-size: 16px; font-weight: 600; margin: 0 0 8px 0;\">Recherche &amp; Due Diligence<\/h4>\n<p style=\"font-size: 14px; color: #9ca3af; margin: 0 0 16px 0;\">Recherche v\u00e9rifi\u00e9e de mani\u00e8re crois\u00e9e avec validation par \u00e9tapes.<\/p>\n<p>                    <a href=\"https:\/\/suprmind.ai\/hub\/use-cases\/\" style=\"font-size: 14px;\">D\u00e9marrer une session de recherche \u2192<\/a>\n                <\/div>\n<div style=\"flex: 0 0 calc(33.333% - 16px); min-width: 280px; padding: 24px; border: 2px solid var(--border-subtle); border-radius: 12px; box-sizing: border-box;\">\n<h4 style=\"font-size: 16px; font-weight: 600; margin: 0 0 8px 0;\">D\u00e9cisions d\u2019investissement<\/h4>\n<p style=\"font-size: 14px; color: #9ca3af; margin: 0 0 16px 0;\">Validation de th\u00e8se haussi\u00e8re vs baissi\u00e8re.<\/p>\n<p>                    <a href=\"https:\/\/suprmind.ai\/hub\/use-cases\/investment-decisions\/\" style=\"font-size: 14px;\">Valider un investissement \u2192<\/a>\n                <\/div>\n<\/p><\/div>\n<\/p><\/div>\n<\/section>\n<p>    <!-- CTA --><\/p>\n<section style=\"padding: 120px 48px;\">\n<div style=\"max-width: 900px; margin: 0 auto; text-align: center;\">\n<h2 style=\"font-size: 36px; margin-bottom: 24px;\">\n Analysez votre march\u00e9<br \/>\n            <\/h2>\n<p style=\"font-size: 18px; color: #9ca3af; margin-bottom: 40px;\">\n Intelligence v\u00e9rifi\u00e9e de mani\u00e8re crois\u00e9e. Affirmations sourc\u00e9es. Une \u00e9tude de march\u00e9 que vous pouvez d\u00e9fendre.\n            <\/p>\n<div class=\"hero-cta-group\">\n                <a href=\"https:\/\/suprmind.ai\/hub\/features\/\" class=\"btn-primary\">Voir Comment \u00e7a marche<\/a><br \/>\n <a href=\"\/hub?page_id=3347\" class=\"btn-secondary\">Voir les Tarifs<\/a>\n            <\/div>\n<\/p><\/div>\n<\/section>\n<\/div>\n","protected":false},"excerpt":{"rendered":"<p>Cas d&rsquo;usage \u00c9tude de march\u00e9 avec v\u00e9rification crois\u00e9e par l\u2019IA 5 mod\u00e8les d\u2019IA analysent votre march\u00e9, vos concurrents et les tendances. Des informations v\u00e9rifi\u00e9es de mani\u00e8re crois\u00e9e, avec des sources. Exportez des synth\u00e8ses sur les concurrents et des analyses de march\u00e9. Analysez votre march\u00e9 Voir toutes les fonctionnalit\u00e9s D\u00e9couvrez comment cinq mod\u00e8les d\u2019IA v\u00e9rifient de [&hellip;]<\/p>\n","protected":false},"author":1,"featured_media":0,"parent":3407,"menu_order":0,"comment_status":"closed","ping_status":"closed","template":"","meta":{"footnotes":""},"class_list":["post-3472","page","type-page","status-publish","hentry"],"yoast_head":"<!-- This site is optimized with the Yoast SEO Premium plugin v27.5 (Yoast SEO v27.5) - https:\/\/yoast.com\/product\/yoast-seo-premium-wordpress\/ -->\n<title>\u00c9tude de march\u00e9 - Suprmind<\/title>\n<meta name=\"robots\" content=\"index, follow, max-snippet:-1, max-image-preview:large, max-video-preview:-1\" \/>\n<link rel=\"canonical\" href=\"https:\/\/suprmind.ai\/hub\/fr\/cas-dusage\/etude-de-marche\/\" \/>\n<meta property=\"og:locale\" content=\"fr_FR\" \/>\n<meta property=\"og:type\" content=\"article\" \/>\n<meta property=\"og:title\" content=\"\u00c9tude de march\u00e9\" \/>\n<meta property=\"og:description\" content=\"Cas d&rsquo;usage \u00c9tude de march\u00e9 avec v\u00e9rification crois\u00e9e par l\u2019IA 5 mod\u00e8les d\u2019IA analysent votre march\u00e9, vos concurrents et les tendances. Des informations v\u00e9rifi\u00e9es de mani\u00e8re crois\u00e9e, avec des sources. Exportez des synth\u00e8ses sur les concurrents et des analyses de march\u00e9. Analysez votre march\u00e9 Voir toutes les fonctionnalit\u00e9s D\u00e9couvrez comment cinq mod\u00e8les d\u2019IA v\u00e9rifient de [&hellip;]\" \/>\n<meta property=\"og:url\" content=\"https:\/\/suprmind.ai\/hub\/fr\/cas-dusage\/etude-de-marche\/\" \/>\n<meta property=\"og:site_name\" content=\"Suprmind\" \/>\n<meta property=\"article:publisher\" content=\"https:\/\/www.facebook.com\/suprmind.ai.orchestration\" \/>\n<meta property=\"og:image\" content=\"https:\/\/suprmind.ai\/hub\/wp-content\/uploads\/2026\/02\/disagreement-is-the-feature-og-scaled.png\" \/>\n\t<meta property=\"og:image:width\" content=\"1920\" \/>\n\t<meta property=\"og:image:height\" content=\"1008\" \/>\n\t<meta property=\"og:image:type\" content=\"image\/png\" \/>\n<meta name=\"twitter:card\" content=\"summary_large_image\" \/>\n<meta name=\"twitter:site\" content=\"@suprmind_ai\" \/>\n<meta name=\"twitter:label1\" content=\"Dur\u00e9e de lecture estim\u00e9e\" \/>\n\t<meta name=\"twitter:data1\" content=\"4 minutes\" \/>\n<script type=\"application\/ld+json\" class=\"yoast-schema-graph\">{\"@context\":\"https:\\\/\\\/schema.org\",\"@graph\":[{\"@type\":\"WebPage\",\"@id\":\"https:\\\/\\\/suprmind.ai\\\/hub\\\/fr\\\/cas-dusage\\\/etude-de-marche\\\/\",\"url\":\"https:\\\/\\\/suprmind.ai\\\/hub\\\/fr\\\/cas-dusage\\\/etude-de-marche\\\/\",\"name\":\"\u00c9tude de march\u00e9 - Suprmind\",\"isPartOf\":{\"@id\":\"https:\\\/\\\/suprmind.ai\\\/hub\\\/fr\\\/#website\"},\"datePublished\":\"2026-01-28T23:20:43+00:00\",\"breadcrumb\":{\"@id\":\"https:\\\/\\\/suprmind.ai\\\/hub\\\/fr\\\/cas-dusage\\\/etude-de-marche\\\/#breadcrumb\"},\"inLanguage\":\"fr-FR\",\"potentialAction\":[{\"@type\":\"ReadAction\",\"target\":[\"https:\\\/\\\/suprmind.ai\\\/hub\\\/fr\\\/cas-dusage\\\/etude-de-marche\\\/\"]}]},{\"@type\":\"BreadcrumbList\",\"@id\":\"https:\\\/\\\/suprmind.ai\\\/hub\\\/fr\\\/cas-dusage\\\/etude-de-marche\\\/#breadcrumb\",\"itemListElement\":[{\"@type\":\"ListItem\",\"position\":1,\"name\":\"Home\",\"item\":\"https:\\\/\\\/suprmind.ai\\\/hub\\\/fr\\\/hub\\\/\"},{\"@type\":\"ListItem\",\"position\":2,\"name\":\"Cas d&rsquo;usage\",\"item\":\"https:\\\/\\\/suprmind.ai\\\/hub\\\/fr\\\/cas-dusage\\\/\"},{\"@type\":\"ListItem\",\"position\":3,\"name\":\"\u00c9tude de march\u00e9\"}]},{\"@type\":\"WebSite\",\"@id\":\"https:\\\/\\\/suprmind.ai\\\/hub\\\/fr\\\/#website\",\"url\":\"https:\\\/\\\/suprmind.ai\\\/hub\\\/fr\\\/\",\"name\":\"Suprmind\",\"description\":\"Multi-Model AI Decision Intelligence Chat Platform for Professionals for Business: 5 Models, One Thread .\",\"publisher\":{\"@id\":\"https:\\\/\\\/suprmind.ai\\\/hub\\\/fr\\\/#organization\"},\"alternateName\":\"Suprmind AI\",\"potentialAction\":[{\"@type\":\"SearchAction\",\"target\":{\"@type\":\"EntryPoint\",\"urlTemplate\":\"https:\\\/\\\/suprmind.ai\\\/hub\\\/fr\\\/?s={search_term_string}\"},\"query-input\":{\"@type\":\"PropertyValueSpecification\",\"valueRequired\":true,\"valueName\":\"search_term_string\"}}],\"inLanguage\":\"fr-FR\"},{\"@type\":\"Organization\",\"@id\":\"https:\\\/\\\/suprmind.ai\\\/hub\\\/fr\\\/#organization\",\"name\":\"Suprmind\",\"alternateName\":\"Suprmind AI\",\"url\":\"https:\\\/\\\/suprmind.ai\\\/hub\\\/fr\\\/\",\"logo\":{\"@type\":\"ImageObject\",\"inLanguage\":\"fr-FR\",\"@id\":\"https:\\\/\\\/suprmind.ai\\\/hub\\\/fr\\\/#\\\/schema\\\/logo\\\/image\\\/\",\"url\":\"https:\\\/\\\/suprmind.ai\\\/hub\\\/wp-content\\\/uploads\\\/2026\\\/05\\\/suprmind-logo-og.png\",\"contentUrl\":\"https:\\\/\\\/suprmind.ai\\\/hub\\\/wp-content\\\/uploads\\\/2026\\\/05\\\/suprmind-logo-og.png\",\"width\":696,\"height\":696,\"caption\":\"Suprmind\"},\"image\":{\"@id\":\"https:\\\/\\\/suprmind.ai\\\/hub\\\/fr\\\/#\\\/schema\\\/logo\\\/image\\\/\"},\"sameAs\":[\"https:\\\/\\\/www.facebook.com\\\/suprmind.ai.orchestration\",\"https:\\\/\\\/x.com\\\/suprmind_ai\",\"https:\\\/\\\/linkedin.com\\\/company\\\/suprmind\"],\"description\":\"Decision validation platform for professionals who can't afford to be wrong. Five smartest AIs, in the same conversation. They debate, challenge, and build on each other - you export the verdict as a deliverable. Disagreement is the feature.\",\"email\":\"team@suprmind.ai\",\"telephone\":\"+381637201488\",\"legalName\":\"Four Dots\",\"foundingDate\":\"2025-11-01\",\"vatID\":\"108877345\",\"duns\":\"506165595\",\"numberOfEmployees\":{\"@type\":\"QuantitativeValue\",\"minValue\":\"1\",\"maxValue\":\"10\"}}]}<\/script>\n<!-- \/ Yoast SEO Premium plugin. -->","yoast_head_json":{"title":"\u00c9tude de march\u00e9 - Suprmind","robots":{"index":"index","follow":"follow","max-snippet":"max-snippet:-1","max-image-preview":"max-image-preview:large","max-video-preview":"max-video-preview:-1"},"canonical":"https:\/\/suprmind.ai\/hub\/fr\/cas-dusage\/etude-de-marche\/","og_locale":"fr_FR","og_type":"article","og_title":"\u00c9tude de march\u00e9","og_description":"Cas d&rsquo;usage \u00c9tude de march\u00e9 avec v\u00e9rification crois\u00e9e par l\u2019IA 5 mod\u00e8les d\u2019IA analysent votre march\u00e9, vos concurrents et les tendances. Des informations v\u00e9rifi\u00e9es de mani\u00e8re crois\u00e9e, avec des sources. Exportez des synth\u00e8ses sur les concurrents et des analyses de march\u00e9. Analysez votre march\u00e9 Voir toutes les fonctionnalit\u00e9s D\u00e9couvrez comment cinq mod\u00e8les d\u2019IA v\u00e9rifient de [&hellip;]","og_url":"https:\/\/suprmind.ai\/hub\/fr\/cas-dusage\/etude-de-marche\/","og_site_name":"Suprmind","article_publisher":"https:\/\/www.facebook.com\/suprmind.ai.orchestration","og_image":[{"width":1920,"height":1008,"url":"https:\/\/suprmind.ai\/hub\/wp-content\/uploads\/2026\/02\/disagreement-is-the-feature-og-scaled.png","type":"image\/png"}],"twitter_card":"summary_large_image","twitter_site":"@suprmind_ai","twitter_misc":{"Dur\u00e9e de lecture estim\u00e9e":"4 minutes"},"schema":{"@context":"https:\/\/schema.org","@graph":[{"@type":"WebPage","@id":"https:\/\/suprmind.ai\/hub\/fr\/cas-dusage\/etude-de-marche\/","url":"https:\/\/suprmind.ai\/hub\/fr\/cas-dusage\/etude-de-marche\/","name":"\u00c9tude de march\u00e9 - Suprmind","isPartOf":{"@id":"https:\/\/suprmind.ai\/hub\/fr\/#website"},"datePublished":"2026-01-28T23:20:43+00:00","breadcrumb":{"@id":"https:\/\/suprmind.ai\/hub\/fr\/cas-dusage\/etude-de-marche\/#breadcrumb"},"inLanguage":"fr-FR","potentialAction":[{"@type":"ReadAction","target":["https:\/\/suprmind.ai\/hub\/fr\/cas-dusage\/etude-de-marche\/"]}]},{"@type":"BreadcrumbList","@id":"https:\/\/suprmind.ai\/hub\/fr\/cas-dusage\/etude-de-marche\/#breadcrumb","itemListElement":[{"@type":"ListItem","position":1,"name":"Home","item":"https:\/\/suprmind.ai\/hub\/fr\/hub\/"},{"@type":"ListItem","position":2,"name":"Cas d&rsquo;usage","item":"https:\/\/suprmind.ai\/hub\/fr\/cas-dusage\/"},{"@type":"ListItem","position":3,"name":"\u00c9tude de march\u00e9"}]},{"@type":"WebSite","@id":"https:\/\/suprmind.ai\/hub\/fr\/#website","url":"https:\/\/suprmind.ai\/hub\/fr\/","name":"Suprmind","description":"Multi-Model AI Decision Intelligence Chat Platform for Professionals for Business: 5 Models, One Thread .","publisher":{"@id":"https:\/\/suprmind.ai\/hub\/fr\/#organization"},"alternateName":"Suprmind AI","potentialAction":[{"@type":"SearchAction","target":{"@type":"EntryPoint","urlTemplate":"https:\/\/suprmind.ai\/hub\/fr\/?s={search_term_string}"},"query-input":{"@type":"PropertyValueSpecification","valueRequired":true,"valueName":"search_term_string"}}],"inLanguage":"fr-FR"},{"@type":"Organization","@id":"https:\/\/suprmind.ai\/hub\/fr\/#organization","name":"Suprmind","alternateName":"Suprmind AI","url":"https:\/\/suprmind.ai\/hub\/fr\/","logo":{"@type":"ImageObject","inLanguage":"fr-FR","@id":"https:\/\/suprmind.ai\/hub\/fr\/#\/schema\/logo\/image\/","url":"https:\/\/suprmind.ai\/hub\/wp-content\/uploads\/2026\/05\/suprmind-logo-og.png","contentUrl":"https:\/\/suprmind.ai\/hub\/wp-content\/uploads\/2026\/05\/suprmind-logo-og.png","width":696,"height":696,"caption":"Suprmind"},"image":{"@id":"https:\/\/suprmind.ai\/hub\/fr\/#\/schema\/logo\/image\/"},"sameAs":["https:\/\/www.facebook.com\/suprmind.ai.orchestration","https:\/\/x.com\/suprmind_ai","https:\/\/linkedin.com\/company\/suprmind"],"description":"Decision validation platform for professionals who can't afford to be wrong. Five smartest AIs, in the same conversation. They debate, challenge, and build on each other - you export the verdict as a deliverable. Disagreement is the feature.","email":"team@suprmind.ai","telephone":"+381637201488","legalName":"Four Dots","foundingDate":"2025-11-01","vatID":"108877345","duns":"506165595","numberOfEmployees":{"@type":"QuantitativeValue","minValue":"1","maxValue":"10"}}]}},"_links":{"self":[{"href":"https:\/\/suprmind.ai\/hub\/fr\/wp-json\/wp\/v2\/pages\/3472","targetHints":{"allow":["GET"]}}],"collection":[{"href":"https:\/\/suprmind.ai\/hub\/fr\/wp-json\/wp\/v2\/pages"}],"about":[{"href":"https:\/\/suprmind.ai\/hub\/fr\/wp-json\/wp\/v2\/types\/page"}],"author":[{"embeddable":true,"href":"https:\/\/suprmind.ai\/hub\/fr\/wp-json\/wp\/v2\/users\/1"}],"replies":[{"embeddable":true,"href":"https:\/\/suprmind.ai\/hub\/fr\/wp-json\/wp\/v2\/comments?post=3472"}],"version-history":[{"count":0,"href":"https:\/\/suprmind.ai\/hub\/fr\/wp-json\/wp\/v2\/pages\/3472\/revisions"}],"up":[{"embeddable":true,"href":"https:\/\/suprmind.ai\/hub\/fr\/wp-json\/wp\/v2\/pages\/3407"}],"wp:attachment":[{"href":"https:\/\/suprmind.ai\/hub\/fr\/wp-json\/wp\/v2\/media?parent=3472"}],"curies":[{"name":"wp","href":"https:\/\/api.w.org\/{rel}","templated":true}]}}