{"id":3438,"date":"2026-03-04T17:08:11","date_gmt":"2026-03-04T17:08:11","guid":{"rendered":"https:\/\/suprmind.ai\/hub\/statistiques-dhallucinations-ia-rapport-de-recherche-2026\/"},"modified":"2026-03-04T17:08:11","modified_gmt":"2026-03-04T17:08:11","slug":"statistiques-dhallucinations-ia-rapport-de-recherche-2026","status":"publish","type":"page","link":"https:\/\/suprmind.ai\/hub\/fr\/statistiques-dhallucinations-ia-rapport-de-recherche-2026\/","title":{"rendered":"Statistiques d&rsquo;hallucinations IA &amp; Rapport de recherche 2026"},"content":{"rendered":"","protected":false},"excerpt":{"rendered":"","protected":false},"author":1,"featured_media":3439,"parent":0,"menu_order":0,"comment_status":"closed","ping_status":"closed","template":"ai-hallucination-benchmark.php","meta":{"footnotes":""},"class_list":["post-3438","page","type-page","status-publish","has-post-thumbnail","hentry"],"yoast_head":"<!-- This site is optimized with the Yoast SEO Premium plugin v27.5 (Yoast SEO v27.5) - https:\/\/yoast.com\/product\/yoast-seo-premium-wordpress\/ -->\n<title>Quelle IA hallucine le moins ? Donn\u00e9es de r\u00e9f\u00e9rence des taux de mai 2026 | Suprmind<\/title>\n<meta name=\"description\" content=\"Le taux d&#039;hallucination le plus bas en mai 2026 appartient \u00e0 un mod\u00e8le sp\u00e9cifique. Donn\u00e9es compl\u00e8tes pour GPT, Claude, Gemini, Grok et Perplexity, avec les sources pour chaque chiffre.\" \/>\n<meta name=\"robots\" content=\"index, follow, max-snippet:-1, max-image-preview:large, max-video-preview:-1\" \/>\n<link rel=\"canonical\" href=\"https:\/\/suprmind.ai\/hub\/fr\/ai-hallucination-rates-and-benchmarks\/\" \/>\n<meta property=\"og:locale\" content=\"fr_FR\" \/>\n<meta property=\"og:type\" content=\"article\" \/>\n<meta property=\"og:title\" content=\"Statistiques d&#039;hallucinations IA &amp; Rapport de recherche 2026\" \/>\n<meta property=\"og:description\" content=\"Le taux d&#039;hallucination le plus bas en mai 2026 appartient \u00e0 un mod\u00e8le sp\u00e9cifique. Donn\u00e9es compl\u00e8tes pour GPT, Claude, Gemini, Grok et Perplexity, avec les sources pour chaque chiffre.\" \/>\n<meta property=\"og:url\" content=\"https:\/\/suprmind.ai\/hub\/ai-hallucination-rates-and-benchmarks\/\" \/>\n<meta property=\"og:site_name\" content=\"Suprmind\" \/>\n<meta property=\"article:publisher\" content=\"https:\/\/www.facebook.com\/suprmind.ai.orchestration\" \/>\n<meta property=\"og:image\" content=\"https:\/\/suprmind.ai\/hub\/wp-content\/uploads\/2026\/03\/AI-Hallucination-Statistics-Research-Report.png\" \/>\n\t<meta property=\"og:image:width\" content=\"1640\" \/>\n\t<meta property=\"og:image:height\" content=\"856\" \/>\n\t<meta property=\"og:image:type\" content=\"image\/png\" \/>\n<meta name=\"twitter:card\" content=\"summary_large_image\" \/>\n<meta name=\"twitter:site\" content=\"@suprmind_ai\" \/>\n<script type=\"application\/ld+json\" class=\"yoast-schema-graph\">{\"@context\":\"https:\\\/\\\/schema.org\",\"@graph\":[{\"@type\":\"WebPage\",\"@id\":\"https:\\\/\\\/suprmind.ai\\\/hub\\\/fr\\\/statistiques-dhallucinations-ia-rapport-de-recherche-2026\\\/\",\"url\":\"https:\\\/\\\/suprmind.ai\\\/hub\\\/ai-hallucination-rates-and-benchmarks\\\/\",\"name\":\"Quelle IA hallucine le moins ? Donn\u00e9es de r\u00e9f\u00e9rence des taux de mai 2026 | Suprmind\",\"isPartOf\":{\"@id\":\"https:\\\/\\\/suprmind.ai\\\/hub\\\/fr\\\/#website\"},\"primaryImageOfPage\":{\"@id\":\"https:\\\/\\\/suprmind.ai\\\/hub\\\/ai-hallucination-rates-and-benchmarks\\\/#primaryimage\"},\"image\":{\"@id\":\"https:\\\/\\\/suprmind.ai\\\/hub\\\/ai-hallucination-rates-and-benchmarks\\\/#primaryimage\"},\"thumbnailUrl\":\"https:\\\/\\\/suprmind.ai\\\/hub\\\/wp-content\\\/uploads\\\/2026\\\/03\\\/AI-Hallucination-Statistics-Research-Report.png\",\"datePublished\":\"2026-03-04T17:08:11+00:00\",\"description\":\"Le taux d'hallucination le plus bas en mai 2026 appartient \u00e0 un mod\u00e8le sp\u00e9cifique. Donn\u00e9es compl\u00e8tes pour GPT, Claude, Gemini, Grok et Perplexity, avec les sources pour chaque chiffre.\",\"breadcrumb\":{\"@id\":\"https:\\\/\\\/suprmind.ai\\\/hub\\\/ai-hallucination-rates-and-benchmarks\\\/#breadcrumb\"},\"inLanguage\":\"fr-FR\",\"potentialAction\":[{\"@type\":\"ReadAction\",\"target\":[\"https:\\\/\\\/suprmind.ai\\\/hub\\\/ai-hallucination-rates-and-benchmarks\\\/\"]}]},{\"@type\":\"ImageObject\",\"inLanguage\":\"fr-FR\",\"@id\":\"https:\\\/\\\/suprmind.ai\\\/hub\\\/ai-hallucination-rates-and-benchmarks\\\/#primaryimage\",\"url\":\"https:\\\/\\\/suprmind.ai\\\/hub\\\/wp-content\\\/uploads\\\/2026\\\/03\\\/AI-Hallucination-Statistics-Research-Report.png\",\"contentUrl\":\"https:\\\/\\\/suprmind.ai\\\/hub\\\/wp-content\\\/uploads\\\/2026\\\/03\\\/AI-Hallucination-Statistics-Research-Report.png\",\"width\":1640,\"height\":856,\"caption\":\"Statistiques d'hallucinations IA &amp; Rapport de recherche 2026\"},{\"@type\":\"BreadcrumbList\",\"@id\":\"https:\\\/\\\/suprmind.ai\\\/hub\\\/ai-hallucination-rates-and-benchmarks\\\/#breadcrumb\",\"itemListElement\":[{\"@type\":\"ListItem\",\"position\":1,\"name\":\"Home\",\"item\":\"https:\\\/\\\/suprmind.ai\\\/hub\\\/fr\\\/hub\\\/\"},{\"@type\":\"ListItem\",\"position\":2,\"name\":\"Statistiques d&#8217;hallucinations IA &amp; Rapport de recherche 2026\"}]},{\"@type\":\"WebSite\",\"@id\":\"https:\\\/\\\/suprmind.ai\\\/hub\\\/fr\\\/#website\",\"url\":\"https:\\\/\\\/suprmind.ai\\\/hub\\\/fr\\\/\",\"name\":\"Suprmind\",\"description\":\"Multi-Model AI Decision Intelligence Chat Platform for Professionals for Business: 5 Models, One Thread .\",\"publisher\":{\"@id\":\"https:\\\/\\\/suprmind.ai\\\/hub\\\/fr\\\/#organization\"},\"alternateName\":\"Suprmind AI\",\"potentialAction\":[{\"@type\":\"SearchAction\",\"target\":{\"@type\":\"EntryPoint\",\"urlTemplate\":\"https:\\\/\\\/suprmind.ai\\\/hub\\\/fr\\\/?s={search_term_string}\"},\"query-input\":{\"@type\":\"PropertyValueSpecification\",\"valueRequired\":true,\"valueName\":\"search_term_string\"}}],\"inLanguage\":\"fr-FR\"},{\"@type\":\"Organization\",\"@id\":\"https:\\\/\\\/suprmind.ai\\\/hub\\\/fr\\\/#organization\",\"name\":\"Suprmind\",\"alternateName\":\"Suprmind AI\",\"url\":\"https:\\\/\\\/suprmind.ai\\\/hub\\\/fr\\\/\",\"logo\":{\"@type\":\"ImageObject\",\"inLanguage\":\"fr-FR\",\"@id\":\"https:\\\/\\\/suprmind.ai\\\/hub\\\/fr\\\/#\\\/schema\\\/logo\\\/image\\\/\",\"url\":\"https:\\\/\\\/suprmind.ai\\\/hub\\\/wp-content\\\/uploads\\\/2026\\\/05\\\/suprmind-logo-og.png\",\"contentUrl\":\"https:\\\/\\\/suprmind.ai\\\/hub\\\/wp-content\\\/uploads\\\/2026\\\/05\\\/suprmind-logo-og.png\",\"width\":696,\"height\":696,\"caption\":\"Suprmind\"},\"image\":{\"@id\":\"https:\\\/\\\/suprmind.ai\\\/hub\\\/fr\\\/#\\\/schema\\\/logo\\\/image\\\/\"},\"sameAs\":[\"https:\\\/\\\/www.facebook.com\\\/suprmind.ai.orchestration\",\"https:\\\/\\\/x.com\\\/suprmind_ai\",\"https:\\\/\\\/linkedin.com\\\/company\\\/suprmind\"],\"description\":\"Decision validation platform for professionals who can't afford to be wrong. Five smartest AIs, in the same conversation. They debate, challenge, and build on each other - you export the verdict as a deliverable. Disagreement is the feature.\",\"email\":\"team@suprmind.ai\",\"telephone\":\"+381637201488\",\"legalName\":\"Four Dots\",\"foundingDate\":\"2025-11-01\",\"vatID\":\"108877345\",\"duns\":\"506165595\",\"numberOfEmployees\":{\"@type\":\"QuantitativeValue\",\"minValue\":\"1\",\"maxValue\":\"10\"}}]}<\/script>\n<!-- \/ Yoast SEO Premium plugin. -->","yoast_head_json":{"title":"Quelle IA hallucine le moins ? Donn\u00e9es de r\u00e9f\u00e9rence des taux de mai 2026 | Suprmind","description":"Le taux d'hallucination le plus bas en mai 2026 appartient \u00e0 un mod\u00e8le sp\u00e9cifique. Donn\u00e9es compl\u00e8tes pour GPT, Claude, Gemini, Grok et Perplexity, avec les sources pour chaque chiffre.","robots":{"index":"index","follow":"follow","max-snippet":"max-snippet:-1","max-image-preview":"max-image-preview:large","max-video-preview":"max-video-preview:-1"},"canonical":"https:\/\/suprmind.ai\/hub\/fr\/ai-hallucination-rates-and-benchmarks\/","og_locale":"fr_FR","og_type":"article","og_title":"Statistiques d'hallucinations IA &amp; Rapport de recherche 2026","og_description":"Le taux d'hallucination le plus bas en mai 2026 appartient \u00e0 un mod\u00e8le sp\u00e9cifique. Donn\u00e9es compl\u00e8tes pour GPT, Claude, Gemini, Grok et Perplexity, avec les sources pour chaque chiffre.","og_url":"https:\/\/suprmind.ai\/hub\/ai-hallucination-rates-and-benchmarks\/","og_site_name":"Suprmind","article_publisher":"https:\/\/www.facebook.com\/suprmind.ai.orchestration","og_image":[{"width":1640,"height":856,"url":"https:\/\/suprmind.ai\/hub\/wp-content\/uploads\/2026\/03\/AI-Hallucination-Statistics-Research-Report.png","type":"image\/png"}],"twitter_card":"summary_large_image","twitter_site":"@suprmind_ai","schema":{"@context":"https:\/\/schema.org","@graph":[{"@type":"WebPage","@id":"https:\/\/suprmind.ai\/hub\/fr\/statistiques-dhallucinations-ia-rapport-de-recherche-2026\/","url":"https:\/\/suprmind.ai\/hub\/ai-hallucination-rates-and-benchmarks\/","name":"Quelle IA hallucine le moins ? Donn\u00e9es de r\u00e9f\u00e9rence des taux de mai 2026 | Suprmind","isPartOf":{"@id":"https:\/\/suprmind.ai\/hub\/fr\/#website"},"primaryImageOfPage":{"@id":"https:\/\/suprmind.ai\/hub\/ai-hallucination-rates-and-benchmarks\/#primaryimage"},"image":{"@id":"https:\/\/suprmind.ai\/hub\/ai-hallucination-rates-and-benchmarks\/#primaryimage"},"thumbnailUrl":"https:\/\/suprmind.ai\/hub\/wp-content\/uploads\/2026\/03\/AI-Hallucination-Statistics-Research-Report.png","datePublished":"2026-03-04T17:08:11+00:00","description":"Le taux d'hallucination le plus bas en mai 2026 appartient \u00e0 un mod\u00e8le sp\u00e9cifique. Donn\u00e9es compl\u00e8tes pour GPT, Claude, Gemini, Grok et Perplexity, avec les sources pour chaque chiffre.","breadcrumb":{"@id":"https:\/\/suprmind.ai\/hub\/ai-hallucination-rates-and-benchmarks\/#breadcrumb"},"inLanguage":"fr-FR","potentialAction":[{"@type":"ReadAction","target":["https:\/\/suprmind.ai\/hub\/ai-hallucination-rates-and-benchmarks\/"]}]},{"@type":"ImageObject","inLanguage":"fr-FR","@id":"https:\/\/suprmind.ai\/hub\/ai-hallucination-rates-and-benchmarks\/#primaryimage","url":"https:\/\/suprmind.ai\/hub\/wp-content\/uploads\/2026\/03\/AI-Hallucination-Statistics-Research-Report.png","contentUrl":"https:\/\/suprmind.ai\/hub\/wp-content\/uploads\/2026\/03\/AI-Hallucination-Statistics-Research-Report.png","width":1640,"height":856,"caption":"Statistiques d'hallucinations IA &amp; Rapport de recherche 2026"},{"@type":"BreadcrumbList","@id":"https:\/\/suprmind.ai\/hub\/ai-hallucination-rates-and-benchmarks\/#breadcrumb","itemListElement":[{"@type":"ListItem","position":1,"name":"Home","item":"https:\/\/suprmind.ai\/hub\/fr\/hub\/"},{"@type":"ListItem","position":2,"name":"Statistiques d&#8217;hallucinations IA &amp; Rapport de recherche 2026"}]},{"@type":"WebSite","@id":"https:\/\/suprmind.ai\/hub\/fr\/#website","url":"https:\/\/suprmind.ai\/hub\/fr\/","name":"Suprmind","description":"Multi-Model AI Decision Intelligence Chat Platform for Professionals for Business: 5 Models, One Thread .","publisher":{"@id":"https:\/\/suprmind.ai\/hub\/fr\/#organization"},"alternateName":"Suprmind AI","potentialAction":[{"@type":"SearchAction","target":{"@type":"EntryPoint","urlTemplate":"https:\/\/suprmind.ai\/hub\/fr\/?s={search_term_string}"},"query-input":{"@type":"PropertyValueSpecification","valueRequired":true,"valueName":"search_term_string"}}],"inLanguage":"fr-FR"},{"@type":"Organization","@id":"https:\/\/suprmind.ai\/hub\/fr\/#organization","name":"Suprmind","alternateName":"Suprmind AI","url":"https:\/\/suprmind.ai\/hub\/fr\/","logo":{"@type":"ImageObject","inLanguage":"fr-FR","@id":"https:\/\/suprmind.ai\/hub\/fr\/#\/schema\/logo\/image\/","url":"https:\/\/suprmind.ai\/hub\/wp-content\/uploads\/2026\/05\/suprmind-logo-og.png","contentUrl":"https:\/\/suprmind.ai\/hub\/wp-content\/uploads\/2026\/05\/suprmind-logo-og.png","width":696,"height":696,"caption":"Suprmind"},"image":{"@id":"https:\/\/suprmind.ai\/hub\/fr\/#\/schema\/logo\/image\/"},"sameAs":["https:\/\/www.facebook.com\/suprmind.ai.orchestration","https:\/\/x.com\/suprmind_ai","https:\/\/linkedin.com\/company\/suprmind"],"description":"Decision validation platform for professionals who can't afford to be wrong. Five smartest AIs, in the same conversation. They debate, challenge, and build on each other - you export the verdict as a deliverable. Disagreement is the feature.","email":"team@suprmind.ai","telephone":"+381637201488","legalName":"Four Dots","foundingDate":"2025-11-01","vatID":"108877345","duns":"506165595","numberOfEmployees":{"@type":"QuantitativeValue","minValue":"1","maxValue":"10"}}]}},"_links":{"self":[{"href":"https:\/\/suprmind.ai\/hub\/fr\/wp-json\/wp\/v2\/pages\/3438","targetHints":{"allow":["GET"]}}],"collection":[{"href":"https:\/\/suprmind.ai\/hub\/fr\/wp-json\/wp\/v2\/pages"}],"about":[{"href":"https:\/\/suprmind.ai\/hub\/fr\/wp-json\/wp\/v2\/types\/page"}],"author":[{"embeddable":true,"href":"https:\/\/suprmind.ai\/hub\/fr\/wp-json\/wp\/v2\/users\/1"}],"replies":[{"embeddable":true,"href":"https:\/\/suprmind.ai\/hub\/fr\/wp-json\/wp\/v2\/comments?post=3438"}],"version-history":[{"count":0,"href":"https:\/\/suprmind.ai\/hub\/fr\/wp-json\/wp\/v2\/pages\/3438\/revisions"}],"wp:featuredmedia":[{"embeddable":true,"href":"https:\/\/suprmind.ai\/hub\/fr\/wp-json\/wp\/v2\/media\/3439"}],"wp:attachment":[{"href":"https:\/\/suprmind.ai\/hub\/fr\/wp-json\/wp\/v2\/media?parent=3438"}],"curies":[{"name":"wp","href":"https:\/\/api.w.org\/{rel}","templated":true}]}}