{"id":3427,"date":"2026-01-31T08:11:17","date_gmt":"2026-01-31T08:11:17","guid":{"rendered":"https:\/\/suprmind.ai\/hub\/cas-dusage\/lia-au-service-du-marketing-produit\/"},"modified":"2026-01-31T08:11:17","modified_gmt":"2026-01-31T08:11:17","slug":"lia-au-service-du-marketing-produit","status":"publish","type":"page","link":"https:\/\/suprmind.ai\/hub\/fr\/cas-dusage\/lia-au-service-du-marketing-produit\/","title":{"rendered":"L&rsquo;IA au service du marketing produit"},"content":{"rendered":"<div>\n<style>\n* { box-sizing: border-box; margin: 0; padding: 0; }\n<\/style>\n<p><!-- Hero Section --><\/p>\n<section style=\"padding: 100px 48px; background: linear-gradient(135deg, #1a1a2e 0%, #16213e 50%, #0f3460 100%); text-align: center;\">\n<h1 style=\"font-size: 3.2rem; font-weight: 700; color: #ffffff; margin-bottom: 24px; line-height: 1.2;\">Lancez des produits avec une \u00e9quipe compl\u00e8te de Marketing produit \u00e0 la demande<\/h1>\n<p style=\"font-size: 1.3rem; color: #b0b0b0; max-width: 800px; margin: 0 auto;\">Cinq IA collaborent \u00e0 la r\u00e9alisation de produits de marketing produit. Chacun apporte un \u00e9clairage diff\u00e9rent. Ensemble, ils produisent des documents pr\u00eats \u00e0 \u00eatre lanc\u00e9s.  <\/p>\n<\/section>\n<h2 style=\"text-align:center; max-width:900px; margin:0 auto 24px; font-size:48px;\">Voyez cinq IA collaborer \u00e0 la r\u00e9alisation d&rsquo;un v\u00e9ritable produit.<\/h2>\n<p style=\"text-align:center; max-width:900px; margin:0 auto 32px;\">Chaque mod\u00e8le apporte un \u00e9clairage diff\u00e9rent. Ils sont en d\u00e9saccord. L&rsquo;Adjudicator le r\u00e9sout. Un Master Document Generator est ensuite g\u00e9n\u00e9r\u00e9 et t\u00e9l\u00e9charg\u00e9 sous forme de fichier Word &#8211; le m\u00eame flux de travail qui permet de produire des documents marketing pr\u00eats \u00e0 \u00eatre lanc\u00e9s.   <\/p>\n<div id=\"suprmind-demo\" style=\"width:100%; overflow:hidden;\"><\/div>\n<p><!-- Problem Section --><\/p>\n<section style=\"padding: 100px 48px; background-color: #0f0f0f;\">\n<div style=\"max-width: 1200px; margin: 0 auto;\">\n<h2 style=\"font-size: 2.4rem; font-weight: 600; color: #ffffff; text-align: center; margin-bottom: 24px;\">Le probl\u00e8me<\/h2>\n<p style=\"font-size: 1.15rem; color: #c0c0c0; text-align: center; max-width: 900px; margin: 0 auto 48px auto;\">Le marketing produit se situe \u00e0 l&rsquo;intersection de tout. Vous devez comprendre le produit en profondeur, conna\u00eetre le client dans ses moindres d\u00e9tails, surveiller constamment les concurrents et traduire tout cela en messages que les vendeurs peuvent utiliser et que les clients croient. <\/p>\n<p style=\"font-size: 1.1rem; color: #a0a0a0; text-align: center; margin-bottom: 48px;\">La plupart des sp\u00e9cialistes du marketing produit sont \u00e0 bout de souffle :<\/p>\n<div style=\"display: grid; grid-template-columns: repeat(auto-fit, minmax(280px, 1fr)); gap: 24px;\">\n<div style=\"background: linear-gradient(145deg, #1a1a1a, #141414); border: 1px solid #2a2a2a; border-radius: 12px; padding: 32px; transition: transform 0.2s;\">\n<h3 style=\"font-size: 1.3rem; color: #ff6b6b; margin-bottom: 12px;\">Positionnement<\/h3>\n<p style=\"color: #b0b0b0;\">Cela ne diff\u00e9rencie pas votre produit de ses concurrents sur le march\u00e9.<\/p>\n<\/p><\/div>\n<div style=\"background: linear-gradient(145deg, #1a1a1a, #141414); border: 1px solid #2a2a2a; border-radius: 12px; padding: 32px;\">\n<h3 style=\"font-size: 1.3rem; color: #ffa502; margin-bottom: 12px;\">Messagerie<\/h3>\n<p style=\"color: #b0b0b0;\">Un produit que l&rsquo;on aime mais que les clients ignorent compl\u00e8tement.<\/p>\n<\/p><\/div>\n<div style=\"background: linear-gradient(145deg, #1a1a1a, #141414); border: 1px solid #2a2a2a; border-radius: 12px; padding: 32px;\">\n<h3 style=\"font-size: 1.3rem; color: #1e90ff; margin-bottom: 12px;\">Cartes de combat<\/h3>\n<p style=\"color: #b0b0b0;\">qui sont d\u00e9pass\u00e9s avant m\u00eame d&rsquo;\u00eatre publi\u00e9s.<\/p>\n<\/p><\/div>\n<div style=\"background: linear-gradient(145deg, #1a1a1a, #141414); border: 1px solid #2a2a2a; border-radius: 12px; padding: 32px;\">\n<h3 style=\"font-size: 1.3rem; color: #2ed573; margin-bottom: 12px;\">Mat\u00e9riel de lancement<\/h3>\n<p style=\"color: #b0b0b0;\">Cr\u00e9\u00e9 dans la panique de derni\u00e8re minute au lieu d&rsquo;une planification strat\u00e9gique.<\/p>\n<\/p><\/div>\n<\/p><\/div>\n<p style=\"font-size: 1.15rem; color: #c0c0c0; text-align: center; max-width: 800px; margin: 48px auto 0 auto; font-style: italic;\">Une IA ne peut pas avoir toutes ces perspectives en m\u00eame temps. Vous avez besoin d&rsquo;une \u00e9quipe qui pense comme le produit ET le client ET le concurrent. <\/p>\n<\/p><\/div>\n<\/section>\n<p><!-- Approach Section --><\/p>\n<section style=\"padding: 100px 48px; background: linear-gradient(180deg, #0a0a0a 0%, #111111 100%);\">\n<div style=\"max-width: 1000px; margin: 0 auto;\">\n<h2 style=\"font-size: 2.4rem; font-weight: 600; color: #ffffff; text-align: center; margin-bottom: 24px;\">L&rsquo;approche Suprmind<\/h2>\n<p style=\"font-size: 1.15rem; color: #c0c0c0; text-align: center; max-width: 800px; margin: 0 auto 48px auto;\">Cinq IA qui collaborent aux livrables du marketing produit. Chacune apporte un \u00e9clairage diff\u00e9rent. Ensemble, ils produisent des documents pr\u00eats \u00e0 \u00eatre lanc\u00e9s qui survivent au contact avec les ventes et les clients.  <\/p>\n<h3 style=\"font-size: 1.5rem; color: #ffffff; text-align: center; margin-bottom: 36px;\">Ce qui se passe lors d&rsquo;une session de marketing produit :<\/h3>\n<div style=\"display: flex; flex-direction: column; gap: 20px;\">\n<div style=\"display: flex; align-items: flex-start; gap: 20px; background: linear-gradient(145deg, #1a1a1a, #141414); border-left: 4px solid #667eea; border-radius: 8px; padding: 24px;\">\n        <span style=\"background: #667eea; color: white; font-weight: 700; font-size: 1.2rem; width: 40px; height: 40px; border-radius: 50%; display: flex; align-items: center; justify-content: center; flex-shrink: 0;\">1<\/span><\/p>\n<p style=\"color: #d0d0d0; font-size: 1.1rem;\">Vous saisissez les capacit\u00e9s du produit et le segment cible<\/p>\n<\/p><\/div>\n<div style=\"display: flex; align-items: flex-start; gap: 20px; background: linear-gradient(145deg, #1a1a1a, #141414); border-left: 4px solid #764ba2; border-radius: 8px; padding: 24px;\">\n        <span style=\"background: #764ba2; color: white; font-weight: 700; font-size: 1.2rem; width: 40px; height: 40px; border-radius: 50%; display: flex; align-items: center; justify-content: center; flex-shrink: 0;\">2<\/span><\/p>\n<p style=\"color: #d0d0d0; font-size: 1.1rem;\">La <strong style=\"color: #a78bfa;\">perplexit\u00e9<\/strong> \u00e9tudie la mani\u00e8re dont les concurrents positionnent des fonctionnalit\u00e9s similaires.<\/p>\n<\/p><\/div>\n<div style=\"display: flex; align-items: flex-start; gap: 20px; background: linear-gradient(145deg, #1a1a1a, #141414); border-left: 4px solid #f093fb; border-radius: 8px; padding: 24px;\">\n        <span style=\"background: #f093fb; color: white; font-weight: 700; font-size: 1.2rem; width: 40px; height: 40px; border-radius: 50%; display: flex; align-items: center; justify-content: center; flex-shrink: 0;\">3<\/span><\/p>\n<p style=\"color: #d0d0d0; font-size: 1.1rem;\"><strong style=\"color: #f093fb;\">Grok<\/strong> identifie ce qui se passe sur le march\u00e9 et qui cr\u00e9e l&rsquo;urgence.<\/p>\n<\/p><\/div>\n<div style=\"display: flex; align-items: flex-start; gap: 20px; background: linear-gradient(145deg, #1a1a1a, #141414); border-left: 4px solid #4facfe; border-radius: 8px; padding: 24px;\">\n        <span style=\"background: #4facfe; color: white; font-weight: 700; font-size: 1.2rem; width: 40px; height: 40px; border-radius: 50%; display: flex; align-items: center; justify-content: center; flex-shrink: 0;\">4<\/span><\/p>\n<p style=\"color: #d0d0d0; font-size: 1.1rem;\"><strong style=\"color: #4facfe;\">Claude<\/strong> teste le positionnement du point de vue de l&rsquo;acheteur sceptique<\/p>\n<\/p><\/div>\n<div style=\"display: flex; align-items: flex-start; gap: 20px; background: linear-gradient(145deg, #1a1a1a, #141414); border-left: 4px solid #00f2fe; border-radius: 8px; padding: 24px;\">\n        <span style=\"background: #00f2fe; color: #0a0a0a; font-weight: 700; font-size: 1.2rem; width: 40px; height: 40px; border-radius: 50%; display: flex; align-items: center; justify-content: center; flex-shrink: 0;\">5<\/span><\/p>\n<p style=\"color: #d0d0d0; font-size: 1.1rem;\">Structures <strong style=\"color: #00f2fe;\">GPT<\/strong>, cadres de messagerie et habilitation \u00e0 la vente<\/p>\n<\/p><\/div>\n<div style=\"display: flex; align-items: flex-start; gap: 20px; background: linear-gradient(145deg, #1a1a1a, #141414); border-left: 4px solid #43e97b; border-radius: 8px; padding: 24px;\">\n        <span style=\"background: #43e97b; color: #0a0a0a; font-weight: 700; font-size: 1.2rem; width: 40px; height: 40px; border-radius: 50%; display: flex; align-items: center; justify-content: center; flex-shrink: 0;\">6<\/span><\/p>\n<p style=\"color: #d0d0d0; font-size: 1.1rem;\"><strong style=\"color: #43e97b;\">Gemini<\/strong> se synth\u00e9tise en ensembles de lancement complets<\/p>\n<\/p><\/div>\n<\/p><\/div>\n<\/p><\/div>\n<\/section>\n<p><!-- Who This Is For Section --><\/p>\n<section style=\"padding: 100px 48px; background-color: #0f0f0f;\">\n<div style=\"max-width: 900px; margin: 0 auto;\">\n<h2 style=\"font-size: 2.4rem; font-weight: 600; color: #ffffff; text-align: center; margin-bottom: 48px;\">\u00c0 qui s&rsquo;adresse ce document ?<\/h2>\n<div style=\"display: grid; grid-template-columns: repeat(auto-fit, minmax(200px, 1fr)); gap: 24px;\">\n<div style=\"text-align: center; padding: 32px 24px; background: linear-gradient(145deg, #1a1a1a, #141414); border-radius: 12px; border: 1px solid #2a2a2a;\">\n<div style=\"font-size: 2.5rem; margin-bottom: 16px;\">\ud83d\udc64<\/div>\n<h3 style=\"font-size: 1.1rem; color: #ffffff; margin-bottom: 8px;\">Solo Product Marketers (sp\u00e9cialistes du marketing produit)<\/h3>\n<p style=\"color: #909090; font-size: 0.95rem;\">Faire le travail de toute une \u00e9quipe<\/p>\n<\/p><\/div>\n<div style=\"text-align: center; padding: 32px 24px; background: linear-gradient(145deg, #1a1a1a, #141414); border-radius: 12px; border: 1px solid #2a2a2a;\">\n<div style=\"font-size: 2.5rem; margin-bottom: 16px;\">\ud83d\udcbc<\/div>\n<h3 style=\"font-size: 1.1rem; color: #ffffff; margin-bottom: 8px;\">Chefs de produit<\/h3>\n<p style=\"color: #909090; font-size: 0.95rem;\">Qui sont \u00e9galement responsables de la mise sur le march\u00e9<\/p>\n<\/p><\/div>\n<div style=\"text-align: center; padding: 32px 24px; background: linear-gradient(145deg, #1a1a1a, #141414); border-radius: 12px; border: 1px solid #2a2a2a;\">\n<div style=\"font-size: 2.5rem; margin-bottom: 16px;\">\ud83c\udfc6<\/div>\n<h3 style=\"font-size: 1.1rem; color: #ffffff; margin-bottom: 8px;\">Fondateurs de startups<\/h3>\n<p style=\"color: #909090; font-size: 0.95rem;\">Lancement sans ressources PMM<\/p>\n<\/p><\/div>\n<div style=\"text-align: center; padding: 32px 24px; background: linear-gradient(145deg, #1a1a1a, #141414); border-radius: 12px; border: 1px solid #2a2a2a;\">\n<div style=\"font-size: 2.5rem; margin-bottom: 16px;\">\ud83d\udc65<\/div>\n<h3 style=\"font-size: 1.1rem; color: #ffffff; margin-bottom: 8px;\">\u00c9quipes PMM<\/h3>\n<p style=\"color: #909090; font-size: 0.95rem;\">Acc\u00e9l\u00e9rer la cr\u00e9ation de produits livrables<\/p>\n<\/p><\/div>\n<\/p><\/div>\n<\/p><\/div>\n<\/section>\n<p><!-- What You Get Section --><\/p>\n<section style=\"padding: 100px 48px; background: linear-gradient(180deg, #0a0a0a 0%, #0f0f1a 100%);\">\n<div style=\"max-width: 900px; margin: 0 auto;\">\n<h2 style=\"font-size: 2.4rem; font-weight: 600; color: #ffffff; text-align: center; margin-bottom: 48px;\">Ce que vous obtenez<\/h2>\n<div style=\"display: grid; grid-template-columns: repeat(auto-fit, minmax(280px, 1fr)); gap: 20px;\">\n<div style=\"display: flex; align-items: center; gap: 16px; padding: 20px 24px; background: linear-gradient(145deg, #1a1a1a, #141414); border-radius: 8px; border-left: 3px solid #667eea;\">\n        <span style=\"color: #667eea; font-size: 1.5rem;\">\u2713<\/span><br \/>\n        <span style=\"color: #d0d0d0; font-size: 1.05rem;\">Cadres de positionnement et de messagerie<\/span>\n      <\/div>\n<div style=\"display: flex; align-items: center; gap: 16px; padding: 20px 24px; background: linear-gradient(145deg, #1a1a1a, #141414); border-radius: 8px; border-left: 3px solid #764ba2;\">\n        <span style=\"color: #764ba2; font-size: 1.5rem;\">\u2713<\/span><br \/>\n        <span style=\"color: #d0d0d0; font-size: 1.05rem;\">Cartes de combat de vente<\/span>\n      <\/div>\n<div style=\"display: flex; align-items: center; gap: 16px; padding: 20px 24px; background: linear-gradient(145deg, #1a1a1a, #141414); border-radius: 8px; border-left: 3px solid #f093fb;\">\n        <span style=\"color: #f093fb; font-size: 1.5rem;\">\u2713<\/span><br \/>\n        <span style=\"color: #d0d0d0; font-size: 1.05rem;\">Annonces de fonctionnalit\u00e9s destin\u00e9es aux clients<\/span>\n      <\/div>\n<div style=\"display: flex; align-items: center; gap: 16px; padding: 20px 24px; background: linear-gradient(145deg, #1a1a1a, #141414); border-radius: 8px; border-left: 3px solid #4facfe;\">\n        <span style=\"color: #4facfe; font-size: 1.5rem;\">\u2713<\/span><br \/>\n        <span style=\"color: #d0d0d0; font-size: 1.05rem;\">Lancez des s\u00e9quences d&#8217;emails<\/span>\n      <\/div>\n<div style=\"display: flex; align-items: center; gap: 16px; padding: 20px 24px; background: linear-gradient(145deg, #1a1a1a, #141414); border-radius: 8px; border-left: 3px solid #00f2fe;\">\n        <span style=\"color: #00f2fe; font-size: 1.5rem;\">\u2713<\/span><br \/>\n        <span style=\"color: #d0d0d0; font-size: 1.05rem;\">Guides de diff\u00e9renciation comp\u00e9titive<\/span>\n      <\/div>\n<div style=\"display: flex; align-items: center; gap: 16px; padding: 20px 24px; background: linear-gradient(145deg, #1a1a1a, #141414); border-radius: 8px; border-left: 3px solid #43e97b;\">\n        <span style=\"color: #43e97b; font-size: 1.5rem;\">\u2713<\/span><br \/>\n        <span style=\"color: #d0d0d0; font-size: 1.05rem;\">Scripts de traitement des objections<\/span>\n      <\/div>\n<\/p><\/div>\n<\/p><\/div>\n<\/section>\n<p><!-- CTA Section --><\/p>\n<section style=\"padding: 100px 48px; background: linear-gradient(135deg, #1a1a2e 0%, #16213e 50%, #0f3460 100%); text-align: center;\">\n<div style=\"max-width: 700px; margin: 0 auto;\">\n<h2 style=\"font-size: 2.2rem; font-weight: 600; color: #ffffff; margin-bottom: 20px;\">Pr\u00eat \u00e0 constituer votre \u00e9quipe de marketing produit IA ?<\/h2>\n<p style=\"font-size: 1.15rem; color: #b0b0b0; margin-bottom: 36px;\">Suivez notre guide d&rsquo;installation \u00e9tape par \u00e9tape pour configurer votre espace de travail de marketing produit et commencer \u00e0 g\u00e9n\u00e9rer des documents pr\u00eats \u00e0 \u00eatre lanc\u00e9s.<\/p>\n<p>    <a href=\"https:\/\/suprmind.ai\/hub\/how-to\/product-marketing-setup\/\" style=\"display: inline-block; padding: 18px 48px; background: linear-gradient(135deg, #667eea 0%, #764ba2 100%); color: #ffffff; text-decoration: none; font-size: 1.15rem; font-weight: 600; border-radius: 8px; transition: transform 0.2s, box-shadow 0.2s; box-shadow: 0 4px 20px rgba(102, 126, 234, 0.4);\">Commencer avec le guide d&rsquo;installation<\/a>\n  <\/div>\n<\/section>\n<\/div>\n","protected":false},"excerpt":{"rendered":"<p>Lancez des produits avec une \u00e9quipe compl\u00e8te de Marketing produit \u00e0 la demande Cinq IA collaborent \u00e0 la r\u00e9alisation de produits de marketing produit. Chacun apporte un \u00e9clairage diff\u00e9rent. Ensemble, ils produisent des documents pr\u00eats \u00e0 \u00eatre lanc\u00e9s. Voyez cinq IA collaborer \u00e0 la r\u00e9alisation d&rsquo;un v\u00e9ritable produit. Chaque mod\u00e8le apporte un \u00e9clairage diff\u00e9rent. Ils [&hellip;]<\/p>\n","protected":false},"author":1,"featured_media":0,"parent":3407,"menu_order":0,"comment_status":"closed","ping_status":"closed","template":"","meta":{"footnotes":""},"class_list":["post-3427","page","type-page","status-publish","hentry"],"yoast_head":"<!-- This site is optimized with the Yoast SEO Premium plugin v27.5 (Yoast SEO v27.5) - https:\/\/yoast.com\/product\/yoast-seo-premium-wordpress\/ -->\n<title>L&#039;IA au service du marketing produit - Suprmind<\/title>\n<meta name=\"description\" content=\"Lancez des produits avec une \u00e9quipe compl\u00e8te de Marketing produit \u00e0 la demande Cinq IA collaborent \u00e0 la r\u00e9alisation de produits de marketing produit.\" \/>\n<meta name=\"robots\" content=\"index, follow, max-snippet:-1, max-image-preview:large, max-video-preview:-1\" \/>\n<link rel=\"canonical\" href=\"https:\/\/suprmind.ai\/hub\/fr\/cas-dusage\/lia-au-service-du-marketing-produit\/\" \/>\n<meta property=\"og:locale\" content=\"fr_FR\" \/>\n<meta property=\"og:type\" content=\"article\" \/>\n<meta property=\"og:title\" content=\"L&#039;IA au service du marketing produit\" \/>\n<meta property=\"og:description\" content=\"Lancez des produits avec une \u00e9quipe compl\u00e8te de Marketing produit \u00e0 la demande Cinq IA collaborent \u00e0 la r\u00e9alisation de produits de marketing produit.\" \/>\n<meta property=\"og:url\" content=\"https:\/\/suprmind.ai\/hub\/fr\/cas-dusage\/lia-au-service-du-marketing-produit\/\" \/>\n<meta property=\"og:site_name\" content=\"Suprmind\" \/>\n<meta property=\"article:publisher\" content=\"https:\/\/www.facebook.com\/suprmind.ai.orchestration\" \/>\n<meta property=\"og:image\" content=\"https:\/\/suprmind.ai\/hub\/wp-content\/uploads\/2026\/02\/disagreement-is-the-feature-og-scaled.png\" \/>\n\t<meta property=\"og:image:width\" content=\"1920\" \/>\n\t<meta property=\"og:image:height\" content=\"1008\" \/>\n\t<meta property=\"og:image:type\" content=\"image\/png\" \/>\n<meta name=\"twitter:card\" content=\"summary_large_image\" \/>\n<meta name=\"twitter:site\" content=\"@suprmind_ai\" \/>\n<meta name=\"twitter:label1\" content=\"Dur\u00e9e de lecture estim\u00e9e\" \/>\n\t<meta name=\"twitter:data1\" content=\"3 minutes\" \/>\n<script type=\"application\/ld+json\" class=\"yoast-schema-graph\">{\"@context\":\"https:\\\/\\\/schema.org\",\"@graph\":[{\"@type\":\"WebPage\",\"@id\":\"https:\\\/\\\/suprmind.ai\\\/hub\\\/fr\\\/cas-dusage\\\/lia-au-service-du-marketing-produit\\\/\",\"url\":\"https:\\\/\\\/suprmind.ai\\\/hub\\\/fr\\\/cas-dusage\\\/lia-au-service-du-marketing-produit\\\/\",\"name\":\"L'IA au service du marketing produit - Suprmind\",\"isPartOf\":{\"@id\":\"https:\\\/\\\/suprmind.ai\\\/hub\\\/fr\\\/#website\"},\"datePublished\":\"2026-01-31T08:11:17+00:00\",\"description\":\"Lancez des produits avec une \u00e9quipe compl\u00e8te de Marketing produit \u00e0 la demande Cinq IA collaborent \u00e0 la r\u00e9alisation de produits de marketing produit.\",\"breadcrumb\":{\"@id\":\"https:\\\/\\\/suprmind.ai\\\/hub\\\/fr\\\/cas-dusage\\\/lia-au-service-du-marketing-produit\\\/#breadcrumb\"},\"inLanguage\":\"fr-FR\",\"potentialAction\":[{\"@type\":\"ReadAction\",\"target\":[\"https:\\\/\\\/suprmind.ai\\\/hub\\\/fr\\\/cas-dusage\\\/lia-au-service-du-marketing-produit\\\/\"]}]},{\"@type\":\"BreadcrumbList\",\"@id\":\"https:\\\/\\\/suprmind.ai\\\/hub\\\/fr\\\/cas-dusage\\\/lia-au-service-du-marketing-produit\\\/#breadcrumb\",\"itemListElement\":[{\"@type\":\"ListItem\",\"position\":1,\"name\":\"Home\",\"item\":\"https:\\\/\\\/suprmind.ai\\\/hub\\\/fr\\\/hub\\\/\"},{\"@type\":\"ListItem\",\"position\":2,\"name\":\"Cas d&rsquo;usage\",\"item\":\"https:\\\/\\\/suprmind.ai\\\/hub\\\/fr\\\/cas-dusage\\\/\"},{\"@type\":\"ListItem\",\"position\":3,\"name\":\"L&#8217;IA au service du marketing produit\"}]},{\"@type\":\"WebSite\",\"@id\":\"https:\\\/\\\/suprmind.ai\\\/hub\\\/fr\\\/#website\",\"url\":\"https:\\\/\\\/suprmind.ai\\\/hub\\\/fr\\\/\",\"name\":\"Suprmind\",\"description\":\"Multi-Model AI Decision Intelligence Chat Platform for Professionals for Business: 5 Models, One Thread .\",\"publisher\":{\"@id\":\"https:\\\/\\\/suprmind.ai\\\/hub\\\/fr\\\/#organization\"},\"alternateName\":\"Suprmind AI\",\"potentialAction\":[{\"@type\":\"SearchAction\",\"target\":{\"@type\":\"EntryPoint\",\"urlTemplate\":\"https:\\\/\\\/suprmind.ai\\\/hub\\\/fr\\\/?s={search_term_string}\"},\"query-input\":{\"@type\":\"PropertyValueSpecification\",\"valueRequired\":true,\"valueName\":\"search_term_string\"}}],\"inLanguage\":\"fr-FR\"},{\"@type\":\"Organization\",\"@id\":\"https:\\\/\\\/suprmind.ai\\\/hub\\\/fr\\\/#organization\",\"name\":\"Suprmind\",\"alternateName\":\"Suprmind AI\",\"url\":\"https:\\\/\\\/suprmind.ai\\\/hub\\\/fr\\\/\",\"logo\":{\"@type\":\"ImageObject\",\"inLanguage\":\"fr-FR\",\"@id\":\"https:\\\/\\\/suprmind.ai\\\/hub\\\/fr\\\/#\\\/schema\\\/logo\\\/image\\\/\",\"url\":\"https:\\\/\\\/suprmind.ai\\\/hub\\\/wp-content\\\/uploads\\\/2026\\\/05\\\/suprmind-logo-og.png\",\"contentUrl\":\"https:\\\/\\\/suprmind.ai\\\/hub\\\/wp-content\\\/uploads\\\/2026\\\/05\\\/suprmind-logo-og.png\",\"width\":696,\"height\":696,\"caption\":\"Suprmind\"},\"image\":{\"@id\":\"https:\\\/\\\/suprmind.ai\\\/hub\\\/fr\\\/#\\\/schema\\\/logo\\\/image\\\/\"},\"sameAs\":[\"https:\\\/\\\/www.facebook.com\\\/suprmind.ai.orchestration\",\"https:\\\/\\\/x.com\\\/suprmind_ai\",\"https:\\\/\\\/linkedin.com\\\/company\\\/suprmind\"],\"description\":\"Decision validation platform for professionals who can't afford to be wrong. Five smartest AIs, in the same conversation. They debate, challenge, and build on each other - you export the verdict as a deliverable. Disagreement is the feature.\",\"email\":\"team@suprmind.ai\",\"telephone\":\"+381637201488\",\"legalName\":\"Four Dots\",\"foundingDate\":\"2025-11-01\",\"vatID\":\"108877345\",\"duns\":\"506165595\",\"numberOfEmployees\":{\"@type\":\"QuantitativeValue\",\"minValue\":\"1\",\"maxValue\":\"10\"}}]}<\/script>\n<!-- \/ Yoast SEO Premium plugin. -->","yoast_head_json":{"title":"L'IA au service du marketing produit - Suprmind","description":"Lancez des produits avec une \u00e9quipe compl\u00e8te de Marketing produit \u00e0 la demande Cinq IA collaborent \u00e0 la r\u00e9alisation de produits de marketing produit.","robots":{"index":"index","follow":"follow","max-snippet":"max-snippet:-1","max-image-preview":"max-image-preview:large","max-video-preview":"max-video-preview:-1"},"canonical":"https:\/\/suprmind.ai\/hub\/fr\/cas-dusage\/lia-au-service-du-marketing-produit\/","og_locale":"fr_FR","og_type":"article","og_title":"L'IA au service du marketing produit","og_description":"Lancez des produits avec une \u00e9quipe compl\u00e8te de Marketing produit \u00e0 la demande Cinq IA collaborent \u00e0 la r\u00e9alisation de produits de marketing produit.","og_url":"https:\/\/suprmind.ai\/hub\/fr\/cas-dusage\/lia-au-service-du-marketing-produit\/","og_site_name":"Suprmind","article_publisher":"https:\/\/www.facebook.com\/suprmind.ai.orchestration","og_image":[{"width":1920,"height":1008,"url":"https:\/\/suprmind.ai\/hub\/wp-content\/uploads\/2026\/02\/disagreement-is-the-feature-og-scaled.png","type":"image\/png"}],"twitter_card":"summary_large_image","twitter_site":"@suprmind_ai","twitter_misc":{"Dur\u00e9e de lecture estim\u00e9e":"3 minutes"},"schema":{"@context":"https:\/\/schema.org","@graph":[{"@type":"WebPage","@id":"https:\/\/suprmind.ai\/hub\/fr\/cas-dusage\/lia-au-service-du-marketing-produit\/","url":"https:\/\/suprmind.ai\/hub\/fr\/cas-dusage\/lia-au-service-du-marketing-produit\/","name":"L'IA au service du marketing produit - Suprmind","isPartOf":{"@id":"https:\/\/suprmind.ai\/hub\/fr\/#website"},"datePublished":"2026-01-31T08:11:17+00:00","description":"Lancez des produits avec une \u00e9quipe compl\u00e8te de Marketing produit \u00e0 la demande Cinq IA collaborent \u00e0 la r\u00e9alisation de produits de marketing produit.","breadcrumb":{"@id":"https:\/\/suprmind.ai\/hub\/fr\/cas-dusage\/lia-au-service-du-marketing-produit\/#breadcrumb"},"inLanguage":"fr-FR","potentialAction":[{"@type":"ReadAction","target":["https:\/\/suprmind.ai\/hub\/fr\/cas-dusage\/lia-au-service-du-marketing-produit\/"]}]},{"@type":"BreadcrumbList","@id":"https:\/\/suprmind.ai\/hub\/fr\/cas-dusage\/lia-au-service-du-marketing-produit\/#breadcrumb","itemListElement":[{"@type":"ListItem","position":1,"name":"Home","item":"https:\/\/suprmind.ai\/hub\/fr\/hub\/"},{"@type":"ListItem","position":2,"name":"Cas d&rsquo;usage","item":"https:\/\/suprmind.ai\/hub\/fr\/cas-dusage\/"},{"@type":"ListItem","position":3,"name":"L&#8217;IA au service du marketing produit"}]},{"@type":"WebSite","@id":"https:\/\/suprmind.ai\/hub\/fr\/#website","url":"https:\/\/suprmind.ai\/hub\/fr\/","name":"Suprmind","description":"Multi-Model AI Decision Intelligence Chat Platform for Professionals for Business: 5 Models, One Thread .","publisher":{"@id":"https:\/\/suprmind.ai\/hub\/fr\/#organization"},"alternateName":"Suprmind AI","potentialAction":[{"@type":"SearchAction","target":{"@type":"EntryPoint","urlTemplate":"https:\/\/suprmind.ai\/hub\/fr\/?s={search_term_string}"},"query-input":{"@type":"PropertyValueSpecification","valueRequired":true,"valueName":"search_term_string"}}],"inLanguage":"fr-FR"},{"@type":"Organization","@id":"https:\/\/suprmind.ai\/hub\/fr\/#organization","name":"Suprmind","alternateName":"Suprmind AI","url":"https:\/\/suprmind.ai\/hub\/fr\/","logo":{"@type":"ImageObject","inLanguage":"fr-FR","@id":"https:\/\/suprmind.ai\/hub\/fr\/#\/schema\/logo\/image\/","url":"https:\/\/suprmind.ai\/hub\/wp-content\/uploads\/2026\/05\/suprmind-logo-og.png","contentUrl":"https:\/\/suprmind.ai\/hub\/wp-content\/uploads\/2026\/05\/suprmind-logo-og.png","width":696,"height":696,"caption":"Suprmind"},"image":{"@id":"https:\/\/suprmind.ai\/hub\/fr\/#\/schema\/logo\/image\/"},"sameAs":["https:\/\/www.facebook.com\/suprmind.ai.orchestration","https:\/\/x.com\/suprmind_ai","https:\/\/linkedin.com\/company\/suprmind"],"description":"Decision validation platform for professionals who can't afford to be wrong. Five smartest AIs, in the same conversation. They debate, challenge, and build on each other - you export the verdict as a deliverable. Disagreement is the feature.","email":"team@suprmind.ai","telephone":"+381637201488","legalName":"Four Dots","foundingDate":"2025-11-01","vatID":"108877345","duns":"506165595","numberOfEmployees":{"@type":"QuantitativeValue","minValue":"1","maxValue":"10"}}]}},"_links":{"self":[{"href":"https:\/\/suprmind.ai\/hub\/fr\/wp-json\/wp\/v2\/pages\/3427","targetHints":{"allow":["GET"]}}],"collection":[{"href":"https:\/\/suprmind.ai\/hub\/fr\/wp-json\/wp\/v2\/pages"}],"about":[{"href":"https:\/\/suprmind.ai\/hub\/fr\/wp-json\/wp\/v2\/types\/page"}],"author":[{"embeddable":true,"href":"https:\/\/suprmind.ai\/hub\/fr\/wp-json\/wp\/v2\/users\/1"}],"replies":[{"embeddable":true,"href":"https:\/\/suprmind.ai\/hub\/fr\/wp-json\/wp\/v2\/comments?post=3427"}],"version-history":[{"count":0,"href":"https:\/\/suprmind.ai\/hub\/fr\/wp-json\/wp\/v2\/pages\/3427\/revisions"}],"up":[{"embeddable":true,"href":"https:\/\/suprmind.ai\/hub\/fr\/wp-json\/wp\/v2\/pages\/3407"}],"wp:attachment":[{"href":"https:\/\/suprmind.ai\/hub\/fr\/wp-json\/wp\/v2\/media?parent=3427"}],"curies":[{"name":"wp","href":"https:\/\/api.w.org\/{rel}","templated":true}]}}