{"id":3405,"date":"2026-04-23T15:53:45","date_gmt":"2026-04-23T15:53:45","guid":{"rendered":"https:\/\/suprmind.ai\/hub\/le-piege-de-la-confiance-indice-de-divergence-des-modeles-de-lia-t1-2026\/"},"modified":"2026-04-23T15:53:45","modified_gmt":"2026-04-23T15:53:45","slug":"le-piege-de-la-confiance-indice-de-divergence-des-modeles-de-lia-t1-2026","status":"publish","type":"page","link":"https:\/\/suprmind.ai\/hub\/fr\/le-piege-de-la-confiance-indice-de-divergence-des-modeles-de-lia-t1-2026\/","title":{"rendered":"Le pi\u00e8ge de la confiance &#8211; Indice de divergence des mod\u00e8les de l&rsquo;IA &#8211; T1 2026"},"content":{"rendered":"","protected":false},"excerpt":{"rendered":"<p>Le pi\u00e8ge de la confiance<br \/>\nL&rsquo;\u00e9cart entre le degr\u00e9 de certitude d&rsquo;une IA et la validit\u00e9 de sa r\u00e9ponse lorsqu&rsquo;une autre IA la lit.<br \/>\nLes mod\u00e8les n&rsquo;\u00e9taient pas d&rsquo;accord sur 54 % des tours dans cet ensemble de donn\u00e9es. Ils se sont corrig\u00e9s mutuellement dans 72 % des cas. Ils ont fait remonter \u00e0 la surface plus de 2 500 Insights uniques qu&rsquo;un seul fournisseur a contribu\u00e9 \u00e0 chaque tour. Chaque ligne ci-dessous repr\u00e9sente le m\u00e9canisme, exprim\u00e9 sous la forme d&rsquo;un nombre. La question \u00e0 laquelle r\u00e9pond ce rapport est la suivante : quels fournisseurs font quoi et quelles sont les combinaisons les plus importantes.    <\/p>\n","protected":false},"author":1,"featured_media":3402,"parent":0,"menu_order":0,"comment_status":"closed","ping_status":"closed","template":"multi-model-ai-divergence-index.php","meta":{"footnotes":""},"class_list":["post-3405","page","type-page","status-publish","has-post-thumbnail","hentry"],"yoast_head":"<!-- This site is optimized with the Yoast SEO Premium plugin v27.5 (Yoast SEO v27.5) - https:\/\/yoast.com\/product\/yoast-seo-premium-wordpress\/ -->\n<title>Multi-Model AI Divergence Index Q1 2026, Le pi\u00e8ge de la confiance : Suprmind<\/title>\n<meta name=\"description\" content=\"Recherche originale sur le Suprmind : 1 324 tours d&#039;IA de production dans Claude, GPT, Gemini, Grok et Perplexity. Voir taux de contradiction, taux de capture, divergence des domaines.\" \/>\n<meta name=\"robots\" content=\"index, follow, max-snippet:-1, max-image-preview:large, max-video-preview:-1\" \/>\n<link rel=\"canonical\" href=\"https:\/\/suprmind.ai\/hub\/fr\/le-piege-de-la-confiance-indice-de-divergence-des-modeles-de-lia-t1-2026\/\" \/>\n<meta property=\"og:locale\" content=\"fr_FR\" \/>\n<meta property=\"og:type\" content=\"article\" \/>\n<meta property=\"og:title\" content=\"Le pi\u00e8ge de la confiance - Indice de divergence des mod\u00e8les de l&#039;IA - T1 2026\" \/>\n<meta property=\"og:description\" content=\"Recherche originale sur le Suprmind : 1 324 tours d&#039;IA de production dans Claude, GPT, Gemini, Grok et Perplexity. Voir taux de contradiction, taux de capture, divergence des domaines.\" \/>\n<meta property=\"og:url\" content=\"https:\/\/suprmind.ai\/hub\/fr\/le-piege-de-la-confiance-indice-de-divergence-des-modeles-de-lia-t1-2026\/\" \/>\n<meta property=\"og:site_name\" content=\"Suprmind\" \/>\n<meta property=\"article:publisher\" content=\"https:\/\/www.facebook.com\/suprmind.ai.orchestration\" \/>\n<meta property=\"og:image\" content=\"https:\/\/suprmind.ai\/hub\/wp-content\/uploads\/2026\/04\/chart_2_catch_ratio_asymmetry_preview-scaled.png\" \/>\n\t<meta property=\"og:image:width\" content=\"2560\" \/>\n\t<meta property=\"og:image:height\" content=\"1450\" \/>\n\t<meta property=\"og:image:type\" content=\"image\/png\" \/>\n<meta name=\"twitter:card\" content=\"summary_large_image\" \/>\n<meta name=\"twitter:site\" content=\"@suprmind_ai\" \/>\n<script type=\"application\/ld+json\" class=\"yoast-schema-graph\">{\"@context\":\"https:\\\/\\\/schema.org\",\"@graph\":[{\"@type\":\"WebPage\",\"@id\":\"https:\\\/\\\/suprmind.ai\\\/hub\\\/fr\\\/le-piege-de-la-confiance-indice-de-divergence-des-modeles-de-lia-t1-2026\\\/\",\"url\":\"https:\\\/\\\/suprmind.ai\\\/hub\\\/fr\\\/le-piege-de-la-confiance-indice-de-divergence-des-modeles-de-lia-t1-2026\\\/\",\"name\":\"Multi-Model AI Divergence Index Q1 2026, Le pi\u00e8ge de la confiance : Suprmind\",\"isPartOf\":{\"@id\":\"https:\\\/\\\/suprmind.ai\\\/hub\\\/fr\\\/#website\"},\"primaryImageOfPage\":{\"@id\":\"https:\\\/\\\/suprmind.ai\\\/hub\\\/fr\\\/le-piege-de-la-confiance-indice-de-divergence-des-modeles-de-lia-t1-2026\\\/#primaryimage\"},\"image\":{\"@id\":\"https:\\\/\\\/suprmind.ai\\\/hub\\\/fr\\\/le-piege-de-la-confiance-indice-de-divergence-des-modeles-de-lia-t1-2026\\\/#primaryimage\"},\"thumbnailUrl\":\"https:\\\/\\\/suprmind.ai\\\/hub\\\/wp-content\\\/uploads\\\/2026\\\/04\\\/chart_2_catch_ratio_asymmetry_preview-scaled.png\",\"datePublished\":\"2026-04-23T15:53:45+00:00\",\"description\":\"Recherche originale sur le Suprmind : 1 324 tours d'IA de production dans Claude, GPT, Gemini, Grok et Perplexity. Voir taux de contradiction, taux de capture, divergence des domaines.\",\"breadcrumb\":{\"@id\":\"https:\\\/\\\/suprmind.ai\\\/hub\\\/fr\\\/le-piege-de-la-confiance-indice-de-divergence-des-modeles-de-lia-t1-2026\\\/#breadcrumb\"},\"inLanguage\":\"fr-FR\",\"potentialAction\":[{\"@type\":\"ReadAction\",\"target\":[\"https:\\\/\\\/suprmind.ai\\\/hub\\\/fr\\\/le-piege-de-la-confiance-indice-de-divergence-des-modeles-de-lia-t1-2026\\\/\"]}]},{\"@type\":\"ImageObject\",\"inLanguage\":\"fr-FR\",\"@id\":\"https:\\\/\\\/suprmind.ai\\\/hub\\\/fr\\\/le-piege-de-la-confiance-indice-de-divergence-des-modeles-de-lia-t1-2026\\\/#primaryimage\",\"url\":\"https:\\\/\\\/suprmind.ai\\\/hub\\\/wp-content\\\/uploads\\\/2026\\\/04\\\/chart_2_catch_ratio_asymmetry_preview-scaled.png\",\"contentUrl\":\"https:\\\/\\\/suprmind.ai\\\/hub\\\/wp-content\\\/uploads\\\/2026\\\/04\\\/chart_2_catch_ratio_asymmetry_preview-scaled.png\",\"width\":2560,\"height\":1450,\"caption\":\"Indice de divergence multimod\u00e8le Suprmind - Le pi\u00e8ge de la confiance\"},{\"@type\":\"BreadcrumbList\",\"@id\":\"https:\\\/\\\/suprmind.ai\\\/hub\\\/fr\\\/le-piege-de-la-confiance-indice-de-divergence-des-modeles-de-lia-t1-2026\\\/#breadcrumb\",\"itemListElement\":[{\"@type\":\"ListItem\",\"position\":1,\"name\":\"Home\",\"item\":\"https:\\\/\\\/suprmind.ai\\\/hub\\\/fr\\\/hub\\\/\"},{\"@type\":\"ListItem\",\"position\":2,\"name\":\"Le pi\u00e8ge de la confiance &#8211; Indice de divergence des mod\u00e8les de l&#8217;IA &#8211; T1 2026\"}]},{\"@type\":\"WebSite\",\"@id\":\"https:\\\/\\\/suprmind.ai\\\/hub\\\/fr\\\/#website\",\"url\":\"https:\\\/\\\/suprmind.ai\\\/hub\\\/fr\\\/\",\"name\":\"Suprmind\",\"description\":\"Multi-Model AI Decision Intelligence Chat Platform for Professionals for Business: 5 Models, One Thread .\",\"publisher\":{\"@id\":\"https:\\\/\\\/suprmind.ai\\\/hub\\\/fr\\\/#organization\"},\"alternateName\":\"Suprmind AI\",\"potentialAction\":[{\"@type\":\"SearchAction\",\"target\":{\"@type\":\"EntryPoint\",\"urlTemplate\":\"https:\\\/\\\/suprmind.ai\\\/hub\\\/fr\\\/?s={search_term_string}\"},\"query-input\":{\"@type\":\"PropertyValueSpecification\",\"valueRequired\":true,\"valueName\":\"search_term_string\"}}],\"inLanguage\":\"fr-FR\"},{\"@type\":\"Organization\",\"@id\":\"https:\\\/\\\/suprmind.ai\\\/hub\\\/fr\\\/#organization\",\"name\":\"Suprmind\",\"alternateName\":\"Suprmind AI\",\"url\":\"https:\\\/\\\/suprmind.ai\\\/hub\\\/fr\\\/\",\"logo\":{\"@type\":\"ImageObject\",\"inLanguage\":\"fr-FR\",\"@id\":\"https:\\\/\\\/suprmind.ai\\\/hub\\\/fr\\\/#\\\/schema\\\/logo\\\/image\\\/\",\"url\":\"https:\\\/\\\/suprmind.ai\\\/hub\\\/wp-content\\\/uploads\\\/2026\\\/05\\\/suprmind-logo-og.png\",\"contentUrl\":\"https:\\\/\\\/suprmind.ai\\\/hub\\\/wp-content\\\/uploads\\\/2026\\\/05\\\/suprmind-logo-og.png\",\"width\":696,\"height\":696,\"caption\":\"Suprmind\"},\"image\":{\"@id\":\"https:\\\/\\\/suprmind.ai\\\/hub\\\/fr\\\/#\\\/schema\\\/logo\\\/image\\\/\"},\"sameAs\":[\"https:\\\/\\\/www.facebook.com\\\/suprmind.ai.orchestration\",\"https:\\\/\\\/x.com\\\/suprmind_ai\",\"https:\\\/\\\/linkedin.com\\\/company\\\/suprmind\"],\"description\":\"Decision validation platform for professionals who can't afford to be wrong. Five smartest AIs, in the same conversation. They debate, challenge, and build on each other - you export the verdict as a deliverable. Disagreement is the feature.\",\"email\":\"team@suprmind.ai\",\"telephone\":\"+381637201488\",\"legalName\":\"Four Dots\",\"foundingDate\":\"2025-11-01\",\"vatID\":\"108877345\",\"duns\":\"506165595\",\"numberOfEmployees\":{\"@type\":\"QuantitativeValue\",\"minValue\":\"1\",\"maxValue\":\"10\"}}]}<\/script>\n<!-- \/ Yoast SEO Premium plugin. -->","yoast_head_json":{"title":"Multi-Model AI Divergence Index Q1 2026, Le pi\u00e8ge de la confiance : Suprmind","description":"Recherche originale sur le Suprmind : 1 324 tours d'IA de production dans Claude, GPT, Gemini, Grok et Perplexity. Voir taux de contradiction, taux de capture, divergence des domaines.","robots":{"index":"index","follow":"follow","max-snippet":"max-snippet:-1","max-image-preview":"max-image-preview:large","max-video-preview":"max-video-preview:-1"},"canonical":"https:\/\/suprmind.ai\/hub\/fr\/le-piege-de-la-confiance-indice-de-divergence-des-modeles-de-lia-t1-2026\/","og_locale":"fr_FR","og_type":"article","og_title":"Le pi\u00e8ge de la confiance - Indice de divergence des mod\u00e8les de l'IA - T1 2026","og_description":"Recherche originale sur le Suprmind : 1 324 tours d'IA de production dans Claude, GPT, Gemini, Grok et Perplexity. Voir taux de contradiction, taux de capture, divergence des domaines.","og_url":"https:\/\/suprmind.ai\/hub\/fr\/le-piege-de-la-confiance-indice-de-divergence-des-modeles-de-lia-t1-2026\/","og_site_name":"Suprmind","article_publisher":"https:\/\/www.facebook.com\/suprmind.ai.orchestration","og_image":[{"width":2560,"height":1450,"url":"https:\/\/suprmind.ai\/hub\/wp-content\/uploads\/2026\/04\/chart_2_catch_ratio_asymmetry_preview-scaled.png","type":"image\/png"}],"twitter_card":"summary_large_image","twitter_site":"@suprmind_ai","schema":{"@context":"https:\/\/schema.org","@graph":[{"@type":"WebPage","@id":"https:\/\/suprmind.ai\/hub\/fr\/le-piege-de-la-confiance-indice-de-divergence-des-modeles-de-lia-t1-2026\/","url":"https:\/\/suprmind.ai\/hub\/fr\/le-piege-de-la-confiance-indice-de-divergence-des-modeles-de-lia-t1-2026\/","name":"Multi-Model AI Divergence Index Q1 2026, Le pi\u00e8ge de la confiance : Suprmind","isPartOf":{"@id":"https:\/\/suprmind.ai\/hub\/fr\/#website"},"primaryImageOfPage":{"@id":"https:\/\/suprmind.ai\/hub\/fr\/le-piege-de-la-confiance-indice-de-divergence-des-modeles-de-lia-t1-2026\/#primaryimage"},"image":{"@id":"https:\/\/suprmind.ai\/hub\/fr\/le-piege-de-la-confiance-indice-de-divergence-des-modeles-de-lia-t1-2026\/#primaryimage"},"thumbnailUrl":"https:\/\/suprmind.ai\/hub\/wp-content\/uploads\/2026\/04\/chart_2_catch_ratio_asymmetry_preview-scaled.png","datePublished":"2026-04-23T15:53:45+00:00","description":"Recherche originale sur le Suprmind : 1 324 tours d'IA de production dans Claude, GPT, Gemini, Grok et Perplexity. Voir taux de contradiction, taux de capture, divergence des domaines.","breadcrumb":{"@id":"https:\/\/suprmind.ai\/hub\/fr\/le-piege-de-la-confiance-indice-de-divergence-des-modeles-de-lia-t1-2026\/#breadcrumb"},"inLanguage":"fr-FR","potentialAction":[{"@type":"ReadAction","target":["https:\/\/suprmind.ai\/hub\/fr\/le-piege-de-la-confiance-indice-de-divergence-des-modeles-de-lia-t1-2026\/"]}]},{"@type":"ImageObject","inLanguage":"fr-FR","@id":"https:\/\/suprmind.ai\/hub\/fr\/le-piege-de-la-confiance-indice-de-divergence-des-modeles-de-lia-t1-2026\/#primaryimage","url":"https:\/\/suprmind.ai\/hub\/wp-content\/uploads\/2026\/04\/chart_2_catch_ratio_asymmetry_preview-scaled.png","contentUrl":"https:\/\/suprmind.ai\/hub\/wp-content\/uploads\/2026\/04\/chart_2_catch_ratio_asymmetry_preview-scaled.png","width":2560,"height":1450,"caption":"Indice de divergence multimod\u00e8le Suprmind - Le pi\u00e8ge de la confiance"},{"@type":"BreadcrumbList","@id":"https:\/\/suprmind.ai\/hub\/fr\/le-piege-de-la-confiance-indice-de-divergence-des-modeles-de-lia-t1-2026\/#breadcrumb","itemListElement":[{"@type":"ListItem","position":1,"name":"Home","item":"https:\/\/suprmind.ai\/hub\/fr\/hub\/"},{"@type":"ListItem","position":2,"name":"Le pi\u00e8ge de la confiance &#8211; Indice de divergence des mod\u00e8les de l&#8217;IA &#8211; T1 2026"}]},{"@type":"WebSite","@id":"https:\/\/suprmind.ai\/hub\/fr\/#website","url":"https:\/\/suprmind.ai\/hub\/fr\/","name":"Suprmind","description":"Multi-Model AI Decision Intelligence Chat Platform for Professionals for Business: 5 Models, One Thread .","publisher":{"@id":"https:\/\/suprmind.ai\/hub\/fr\/#organization"},"alternateName":"Suprmind AI","potentialAction":[{"@type":"SearchAction","target":{"@type":"EntryPoint","urlTemplate":"https:\/\/suprmind.ai\/hub\/fr\/?s={search_term_string}"},"query-input":{"@type":"PropertyValueSpecification","valueRequired":true,"valueName":"search_term_string"}}],"inLanguage":"fr-FR"},{"@type":"Organization","@id":"https:\/\/suprmind.ai\/hub\/fr\/#organization","name":"Suprmind","alternateName":"Suprmind AI","url":"https:\/\/suprmind.ai\/hub\/fr\/","logo":{"@type":"ImageObject","inLanguage":"fr-FR","@id":"https:\/\/suprmind.ai\/hub\/fr\/#\/schema\/logo\/image\/","url":"https:\/\/suprmind.ai\/hub\/wp-content\/uploads\/2026\/05\/suprmind-logo-og.png","contentUrl":"https:\/\/suprmind.ai\/hub\/wp-content\/uploads\/2026\/05\/suprmind-logo-og.png","width":696,"height":696,"caption":"Suprmind"},"image":{"@id":"https:\/\/suprmind.ai\/hub\/fr\/#\/schema\/logo\/image\/"},"sameAs":["https:\/\/www.facebook.com\/suprmind.ai.orchestration","https:\/\/x.com\/suprmind_ai","https:\/\/linkedin.com\/company\/suprmind"],"description":"Decision validation platform for professionals who can't afford to be wrong. Five smartest AIs, in the same conversation. They debate, challenge, and build on each other - you export the verdict as a deliverable. Disagreement is the feature.","email":"team@suprmind.ai","telephone":"+381637201488","legalName":"Four Dots","foundingDate":"2025-11-01","vatID":"108877345","duns":"506165595","numberOfEmployees":{"@type":"QuantitativeValue","minValue":"1","maxValue":"10"}}]}},"_links":{"self":[{"href":"https:\/\/suprmind.ai\/hub\/fr\/wp-json\/wp\/v2\/pages\/3405","targetHints":{"allow":["GET"]}}],"collection":[{"href":"https:\/\/suprmind.ai\/hub\/fr\/wp-json\/wp\/v2\/pages"}],"about":[{"href":"https:\/\/suprmind.ai\/hub\/fr\/wp-json\/wp\/v2\/types\/page"}],"author":[{"embeddable":true,"href":"https:\/\/suprmind.ai\/hub\/fr\/wp-json\/wp\/v2\/users\/1"}],"replies":[{"embeddable":true,"href":"https:\/\/suprmind.ai\/hub\/fr\/wp-json\/wp\/v2\/comments?post=3405"}],"version-history":[{"count":0,"href":"https:\/\/suprmind.ai\/hub\/fr\/wp-json\/wp\/v2\/pages\/3405\/revisions"}],"wp:featuredmedia":[{"embeddable":true,"href":"https:\/\/suprmind.ai\/hub\/fr\/wp-json\/wp\/v2\/media\/3402"}],"wp:attachment":[{"href":"https:\/\/suprmind.ai\/hub\/fr\/wp-json\/wp\/v2\/media?parent=3405"}],"curies":[{"name":"wp","href":"https:\/\/api.w.org\/{rel}","templated":true}]}}